{"id":14918,"date":"2022-08-12T14:57:15","date_gmt":"2022-08-12T12:57:15","guid":{"rendered":"https:\/\/mitrodesign.com\/?page_id=14918"},"modified":"2022-08-22T16:31:43","modified_gmt":"2022-08-22T14:31:43","slug":"kontakt","status":"publish","type":"page","link":"https:\/\/mitrodesign.com\/sk\/kontakt\/","title":{"rendered":"Kontakt"},"content":{"rendered":"<p>[vc_row row_type=&#8220;parallax&#8220; content_width=&#8220;grid&#8220; content_aligment=&#8220;center&#8220; full_screen_section_height=&#8220;yes&#8220; vertically_align_content_in_middle=&#8220;yes&#8220; back_to_top_skin=&#8220;light&#8220; css=&#8220;.vc_custom_1641553560526{margin-right: 0px !important;margin-left: 0px !important;border-right-width: 0px !important;border-left-width: 0px !important;background-color: #2b3034 !important;background-position: center !important;background-repeat: no-repeat !important;background-size: cover !important;}&#8220; el_id=&#8220;contact&#8220; parallax_background_image=&#8220;9019&#8243;][vc_column css_animation=&#8220;fadeIn&#8220;][vc_empty_space height=&#8220;150px&#8220;][vc_column_text]<\/p>\n<h2 class=\"nadpis-h2-a\">Kontakt<\/h2>\n<p>[\/vc_column_text][vc_empty_space height=&#8220;40px&#8220;][vc_column_text]<\/p>\n<p style=\"text-align: center;\"><span style=\"color: #707c89; font-weight: 400; font-size: 20px;\">Pre \u010fal\u0161ie inform\u00e1cie, zadanie objedn\u00e1vky alebo polo\u017eenie ot\u00e1zky<br \/>\nvolajte <span class=\"phone\">+420&nbsp;602&nbsp;936&nbsp;715<\/span>, nap\u00ed\u0161te n\u00e1m na <span class=\"email\">info@mitrodesign.com<\/span>,<br \/>\nalebo zadajte svoje \u00fadaje ni\u017e\u0161ie a my v\u00e1s budeme \u010doskoro kontaktova\u0165.<\/span><\/p>\n<p>[\/vc_column_text][vc_empty_space height=&#8220;40px&#8220;][vc_column_text]<div role=\"form\" class=\"wpcf7\" id=\"wpcf7-f14938-o1\" lang=\"en-US\" dir=\"ltr\">\n<div class=\"screen-reader-response\"><p role=\"status\" aria-live=\"polite\" aria-atomic=\"true\"><\/p> <ul><\/ul><\/div>\n<form action=\"\/sk\/wp-json\/wp\/v2\/pages\/14918#wpcf7-f14938-o1\" method=\"post\" class=\"wpcf7-form init\" novalidate=\"novalidate\" data-status=\"init\">\n<div style=\"display: none;\">\n<input type=\"hidden\" name=\"_wpcf7\" value=\"14938\" \/>\n<input type=\"hidden\" name=\"_wpcf7_version\" value=\"5.5.4\" \/>\n<input type=\"hidden\" name=\"_wpcf7_locale\" value=\"en_US\" \/>\n<input type=\"hidden\" name=\"_wpcf7_unit_tag\" value=\"wpcf7-f14938-o1\" \/>\n<input type=\"hidden\" name=\"_wpcf7_container_post\" value=\"0\" \/>\n<input type=\"hidden\" name=\"_wpcf7_posted_data_hash\" value=\"\" \/>\n<input type=\"hidden\" name=\"_wpcf7_recaptcha_response\" value=\"\" \/>\n<\/div>\n<div class=\"edgtf-cf7-joined-bordered\">\n<div class=\"edgtf-column\">\n<div class=\"edgtf-column-inner\"><span class=\"wpcf7-form-control-wrap id-name\"><input type=\"text\" name=\"id-name\" value=\"\" size=\"40\" class=\"wpcf7-form-control wpcf7-text wpcf7-validates-as-required\" aria-required=\"true\" aria-invalid=\"false\" placeholder=\"MENO *\" \/><\/span><\/div>\n<\/div>\n<div class=\"edgtf-column\">\n<div class=\"edgtf-column-inner\"><span class=\"wpcf7-form-control-wrap id-email\"><input type=\"text\" name=\"id-email\" value=\"\" size=\"40\" class=\"wpcf7-form-control wpcf7-text wpcf7-validates-as-required\" aria-required=\"true\" aria-invalid=\"false\" placeholder=\"E-MAIL *\" \/><\/span><\/div>\n<\/div>\n<div class=\"edgtf-column\">\n<div class=\"edgtf-column-inner\"><span class=\"wpcf7-form-control-wrap id-phone\"><input type=\"text\" name=\"id-phone\" value=\"\" size=\"40\" class=\"wpcf7-form-control wpcf7-text wpcf7-validates-as-required\" aria-required=\"true\" aria-invalid=\"false\" placeholder=\"TELEF\u00d3N *\" \/><\/span><\/div>\n<\/div>\n<div class=\"edgtf-column\">\n<div class=\"edgtf-column-inner\"><span class=\"wpcf7-form-control-wrap id-message\"><textarea name=\"id-message\" cols=\"40\" rows=\"10\" class=\"wpcf7-form-control wpcf7-textarea wpcf7-validates-as-required\" aria-required=\"true\" aria-invalid=\"false\" placeholder=\"SPR\u00c1VA *\"><\/textarea><\/span><\/div>\n<\/div>\n<div class=\"edgtf-column\">\n<div class=\"edgtf-column-inner\" align=\"\"><span class=\"wpcf7-form-control-wrap id-acceptance\"><span class=\"wpcf7-form-control wpcf7-acceptance\"><span class=\"wpcf7-list-item\"><input type=\"checkbox\" name=\"id-acceptance\" value=\"1\" aria-invalid=\"false\" \/><\/span><\/span><\/span> S\u00fahlas\u00edm so spracovan\u00edm osobn\u00fdch \u00fadajov.<!-- and&nbsp;I&nbsp;accept&nbsp;Privacy&nbsp;Policy.--><\/div>\n<\/div>\n<div class=\"edgtf-two-columns-50-50\">\n<div class=\"edgtf-two-columns-50-50-inner\">\n<div class=\"edgtf-column\">\n<div class=\"edgtf-column-inner\">&nbsp;<\/div>\n<\/div>\n<p>         <span id=\"wpcf7-6a0701ca4714f-wrapper\" class=\"wpcf7-form-control-wrap web-wrap\" style=\"display:none !important; visibility:hidden !important;\"><label for=\"id-website\" class=\"hp-message\">Please leave this field empty.<\/label><input id=\"id-website\"  placeholder=\"www\"  class=\"wpcf7-form-control wpcf7-text\" type=\"text\" name=\"web\" value=\"\" size=\"40\" tabindex=\"-1\" autocomplete=\"new-password\" \/><\/span><\/p>\n<input type=\"hidden\" name=\"utm_source\" value=\"\" class=\"wpcf7-form-control wpcf7-hidden\" \/>\n<input type=\"hidden\" name=\"utm_medium\" value=\"\" class=\"wpcf7-form-control wpcf7-hidden\" \/>\n<input type=\"hidden\" name=\"utm_campaign\" value=\"\" class=\"wpcf7-form-control wpcf7-hidden\" \/>\n<input type=\"hidden\" name=\"utm_content\" value=\"\" class=\"wpcf7-form-control wpcf7-hidden\" \/>\n<input type=\"hidden\" name=\"gclid\" value=\"\" class=\"wpcf7-form-control wpcf7-hidden\" \/>\n<div class=\"edgtf-column\">\n<div class=\"edgtf-column-inner radek-s-buttonem\"><input type=\"submit\" value=\"ODOSLA\u0164\" class=\"wpcf7-form-control has-spinner wpcf7-submit\" \/><\/div>\n<\/div>\n<\/div>\n<\/div>\n<\/div>\n<div class=\"wpcf7-response-output\" aria-hidden=\"true\"><\/div><\/form><\/div>[\/vc_column_text][vc_empty_space height=&#8220;150px&#8220;][vc_column_text]<span style=\"color: #f4f4f4;\"><strong>MITRO DESIGN<\/strong><br \/>\nSKY PARK by Zaha Hadid<br \/>\nTov\u00e1rensk\u00e1 12, 12A<br \/>\n811 09 Bratislava<br \/>\nSlovak Republic<\/span>[\/vc_column_text][vc_empty_space height=&#8220;80px&#8220;][\/vc_column][\/vc_row][vc_row content_aligment=&#8220;center&#8220; back_to_top_skin=&#8220;light&#8220; css=&#8220;.vc_custom_1641317636667{margin-top: 0px !important;margin-bottom: 0px !important;border-top-width: 5px !important;border-bottom-width: 0px !important;padding-top: 100px !important;padding-bottom: 0px !important;background-color: #2b3034 !important;border-top-color: #ffffff !important;border-bottom-color: #ffffff !important;}&#8220;][vc_column css=&#8220;.vc_custom_1641317688944{margin-top: 0px !important;margin-bottom: 0px !important;border-top-width: 0px !important;border-bottom-width: 0px !important;padding-top: 0px !important;padding-bottom: 0px !important;}&#8220; offset=&#8220;vc_hidden-xs&#8220;]<div class=\"edgtf-separator-holder clearfix  edgtf-separator-center\">\n\t<div class=\"edgtf-separator\" style=\"border-color: #707c89;border-style: solid;width: 91.5%;border-bottom-width: 1px;margin-top: 10px;margin-bottom: 0px\"><\/div>\n<\/div>\n[\/vc_column][\/vc_row][vc_row row_type=&#8220;parallax&#8220; content_aligment=&#8220;center&#8220; full_screen_section_height=&#8220;no&#8220; back_to_top_skin=&#8220;light&#8220; css=&#8220;.vc_custom_1643385885407{margin-top: 0px !important;border-top-width: 0px !important;background-color: #2b3034 !important;border-top-color: #ffffff !important;}&#8220; el_id=&#8220;footer-01&#8243;][vc_column width=&#8220;1\/3&#8243; css=&#8220;.vc_custom_1642078149036{padding-top: 15px !important;padding-bottom: 20px !important;}&#8220;][vc_row_inner][vc_column_inner width=&#8220;1\/2&#8243;][vc_column_text]<\/p>\n<p class=\"center-on-mob\" style=\"color: #ffffff; font-weight: 300; font-size: 12px; text-transform: none; text-align: right;\">Follow us on social media:<!-- Copyright \u00a9 MITRO 2022--><\/p>\n<p>[\/vc_column_text][\/vc_column_inner][vc_column_inner el_class=&#8220;socky&#8220; width=&#8220;1\/2&#8243;]\n    <span class=\"edgtf-icon-shortcode normal edgtf-icon-tiny\"  data-hover-color=\"#707c89\" data-color=\"#ffffff\">\n                    <a href=\"\/fb\" target=\"_blank\" >\n        \n        <i class=\"edgtf-icon-font-awesome fa fa-facebook edgtf-icon-element\" style=\"color: #ffffff\" ><\/i>\n                    <\/a>\n            <\/span>\n\n\n    <span class=\"edgtf-icon-shortcode normal edgtf-icon-tiny\"  data-hover-color=\"#707c89\" data-color=\"#ffffff\">\n                    <a href=\"\/ig\" target=\"_blank\" >\n        \n        <i class=\"edgtf-icon-font-awesome fa fa-instagram edgtf-icon-element\" style=\"color: #ffffff\" ><\/i>\n                    <\/a>\n            <\/span>\n\n[\/vc_column_inner][\/vc_row_inner][\/vc_column][vc_column width=&#8220;1\/3&#8243; css=&#8220;.vc_custom_1642078232116{padding-top: 15px !important;padding-bottom: 20px !important;}&#8220;][vc_row_inner][vc_column_inner][vc_single_image source=&#8220;external_link&#8220; external_img_size=&#8220;120&#215;30&#8243; alignment=&#8220;center&#8220; custom_src=&#8220;\/wp-content\/uploads\/2022\/01\/logo_mitro_240x060_white_v01.png&#8220;][\/vc_column_inner][\/vc_row_inner][\/vc_column][vc_column width=&#8220;1\/3&#8243; css=&#8220;.vc_custom_1642078227400{padding-top: 15px !important;padding-bottom: 20px !important;}&#8220;][vc_row_inner el_class=&#8220;center-on-mob&#8220;][vc_column_inner width=&#8220;1\/2&#8243;][vc_column_text]<\/p>\n<p style=\"text-align: center; color: #ffffff; font-weight: 300; font-size: 12px; text-transform: none;\"><span class=\"phone\">+420&nbsp;602&nbsp;936&nbsp;715<\/span><\/p>\n<p>[\/vc_column_text][\/vc_column_inner][vc_column_inner width=&#8220;1\/2&#8243;][vc_column_text]<\/p>\n<p class=\"center-on-mob\" style=\"color: #ffffff; font-weight: 300; font-size: 12px; text-transform: none; text-align: left;\">info@mitrodesign.com<\/p>\n<p>[\/vc_column_text][\/vc_column_inner][\/vc_row_inner][\/vc_column][\/vc_row]<\/p>\n","protected":false},"excerpt":{"rendered":"<p>[vc_row row_type=&#8220;parallax&#8220; content_width=&#8220;grid&#8220; content_aligment=&#8220;center&#8220; full_screen_section_height=&#8220;yes&#8220; vertically_align_content_in_middle=&#8220;yes&#8220; back_to_top_skin=&#8220;light&#8220; css=&#8220;.vc_custom_1641553560526{margin-right: 0px !important;margin-left: 0px !important;border-right-width: 0px !important;border-left-width: 0px !important;background-color: #2b3034 !important;background-position: center !important;background-repeat: no-repeat !important;background-size: cover !important;}&#8220; el_id=&#8220;contact&#8220; parallax_background_image=&#8220;9019&#8243;][vc_column css_animation=&#8220;fadeIn&#8220;][vc_empty_space height=&#8220;150px&#8220;][vc_column_text] Kontakt [\/vc_column_text][vc_empty_space height=&#8220;40px&#8220;][vc_column_text] Pre \u010fal\u0161ie inform\u00e1cie, zadanie objedn\u00e1vky alebo polo\u017eenie ot\u00e1zky volajte , nap\u00ed\u0161te n\u00e1m na ,&#8230;<\/p>\n","protected":false},"author":1,"featured_media":0,"parent":0,"menu_order":0,"comment_status":"closed","ping_status":"closed","template":"full-width.php","meta":[],"yoast_head":"<!-- This site is optimized with the Yoast SEO plugin v18.1 - https:\/\/yoast.com\/wordpress\/plugins\/seo\/ -->\n<title>Kontakt &ndash; MITRO Design \u2013 Exkluz\u00edvne karb\u00f3nov\u00e9 stoly<\/title>\n<meta name=\"description\" content=\"Uhl\u00edkov\u00e9 vl\u00e1kno je dominantn\u00fd materi\u00e1l na\u0161ich stolov. Jeho vl\u00e1kna, ktor\u00e9 s\u00fa ten\u0161ie ako \u013eudsk\u00fd vlas, existuj\u00fa v rozmanit\u00fdch vizu\u00e1lnych \u0161trukt\u00farach. Poskytuj\u00fa r\u00f4zne vlastnosti, pri\u010dom v\u0161etky maj\u00fa vynikaj\u00facu pevnos\u0165, \u013eahkos\u0165 a odolnos\u0165.\" \/>\n<meta name=\"robots\" content=\"index, follow, max-snippet:-1, max-image-preview:large, max-video-preview:-1\" \/>\n<link rel=\"canonical\" href=\"https:\/\/mitrodesign.com\/sk\/kontakt\/\" \/>\n<meta property=\"og:locale\" content=\"sk_SK\" \/>\n<meta property=\"og:type\" content=\"article\" \/>\n<meta property=\"og:title\" content=\"Kontakt &ndash; MITRO Design \u2013 Exkluz\u00edvne karb\u00f3nov\u00e9 stoly\" \/>\n<meta property=\"og:description\" content=\"Uhl\u00edkov\u00e9 vl\u00e1kno je dominantn\u00fd materi\u00e1l na\u0161ich stolov. Jeho vl\u00e1kna, ktor\u00e9 s\u00fa ten\u0161ie ako \u013eudsk\u00fd vlas, existuj\u00fa v rozmanit\u00fdch vizu\u00e1lnych \u0161trukt\u00farach. Poskytuj\u00fa r\u00f4zne vlastnosti, pri\u010dom v\u0161etky maj\u00fa vynikaj\u00facu pevnos\u0165, \u013eahkos\u0165 a odolnos\u0165.\" \/>\n<meta property=\"og:url\" content=\"https:\/\/mitrodesign.com\/sk\/kontakt\/\" \/>\n<meta property=\"og:site_name\" content=\"MITRO Design \u2013 Exclusive Carbon Tables\" \/>\n<meta property=\"article:publisher\" content=\"https:\/\/www.facebook.com\/mitrodesign\" \/>\n<meta property=\"article:modified_time\" content=\"2022-08-22T14:31:43+00:00\" \/>\n<meta property=\"og:image\" content=\"https:\/\/mitrodesign.com\/wp-content\/uploads\/2022\/02\/image.png\" \/>\n<meta name=\"twitter:card\" content=\"summary_large_image\" \/>\n<meta name=\"twitter:image\" content=\"https:\/\/mitrodesign.com\/wp-content\/uploads\/2022\/02\/image.png\" \/>\n<meta name=\"twitter:label1\" content=\"Est. reading time\" \/>\n\t<meta name=\"twitter:data1\" content=\"1 min\u00fata\" \/>\n<script type=\"application\/ld+json\" class=\"yoast-schema-graph\">{\"@context\":\"https:\/\/schema.org\",\"@graph\":[{\"@type\":\"Organization\",\"@id\":\"https:\/\/mitrodesign.com\/#organization\",\"name\":\"MITRO Design Carbon Tables\",\"url\":\"https:\/\/mitrodesign.com\/\",\"sameAs\":[\"https:\/\/www.facebook.com\/mitrodesign\",\"https:\/\/www.instagram.com\/mitrodesign_furniture\/\"],\"logo\":{\"@type\":\"ImageObject\",\"@id\":\"https:\/\/mitrodesign.com\/#logo\",\"inLanguage\":\"sk-SK\",\"url\":\"https:\/\/www.mitrodesign.com\/wp-content\/uploads\/2022\/01\/logo_mitro_480x120_white_v01.png\",\"contentUrl\":\"https:\/\/www.mitrodesign.com\/wp-content\/uploads\/2022\/01\/logo_mitro_480x120_white_v01.png\",\"width\":480,\"height\":120,\"caption\":\"MITRO Design Carbon Tables\"},\"image\":{\"@id\":\"https:\/\/mitrodesign.com\/#logo\"}},{\"@type\":\"WebSite\",\"@id\":\"https:\/\/mitrodesign.com\/#website\",\"url\":\"https:\/\/mitrodesign.com\/\",\"name\":\"MITRO Design \u2013 Exclusive Carbon Tables\",\"description\":\"Dawn of Carbon | Exclusive Carbon Tables\",\"publisher\":{\"@id\":\"https:\/\/mitrodesign.com\/#organization\"},\"potentialAction\":[{\"@type\":\"SearchAction\",\"target\":{\"@type\":\"EntryPoint\",\"urlTemplate\":\"https:\/\/mitrodesign.com\/?s={search_term_string}\"},\"query-input\":\"required name=search_term_string\"}],\"inLanguage\":\"sk-SK\"},{\"@type\":\"ImageObject\",\"@id\":\"https:\/\/mitrodesign.com\/sk\/kontakt\/#primaryimage\",\"inLanguage\":\"sk-SK\",\"url\":\"\",\"contentUrl\":\"\"},{\"@type\":\"WebPage\",\"@id\":\"https:\/\/mitrodesign.com\/sk\/kontakt\/#webpage\",\"url\":\"https:\/\/mitrodesign.com\/sk\/kontakt\/\",\"name\":\"Kontakt &ndash; MITRO Design \u2013 Exkluz\u00edvne karb\u00f3nov\u00e9 stoly\",\"isPartOf\":{\"@id\":\"https:\/\/mitrodesign.com\/#website\"},\"datePublished\":\"2022-08-12T12:57:15+00:00\",\"dateModified\":\"2022-08-22T14:31:43+00:00\",\"description\":\"Uhl\u00edkov\u00e9 vl\u00e1kno je dominantn\u00fd materi\u00e1l na\u0161ich stolov. Jeho vl\u00e1kna, ktor\u00e9 s\u00fa ten\u0161ie ako \u013eudsk\u00fd vlas, existuj\u00fa v rozmanit\u00fdch vizu\u00e1lnych \u0161trukt\u00farach. Poskytuj\u00fa r\u00f4zne vlastnosti, pri\u010dom v\u0161etky maj\u00fa vynikaj\u00facu pevnos\u0165, \u013eahkos\u0165 a odolnos\u0165.\",\"breadcrumb\":{\"@id\":\"https:\/\/mitrodesign.com\/sk\/kontakt\/#breadcrumb\"},\"inLanguage\":\"sk-SK\",\"potentialAction\":[{\"@type\":\"ReadAction\",\"target\":[\"https:\/\/mitrodesign.com\/sk\/kontakt\/\"]}]},{\"@type\":\"BreadcrumbList\",\"@id\":\"https:\/\/mitrodesign.com\/sk\/kontakt\/#breadcrumb\",\"itemListElement\":[{\"@type\":\"ListItem\",\"position\":1,\"name\":\"Dom\u016f\",\"item\":\"https:\/\/mitrodesign.com\/sk\/\"},{\"@type\":\"ListItem\",\"position\":2,\"name\":\"Kontakt\"}]}]}<\/script>\n<!-- \/ Yoast SEO plugin. -->","yoast_head_json":{"title":"Kontakt &ndash; MITRO Design \u2013 Exkluz\u00edvne karb\u00f3nov\u00e9 stoly","description":"Uhl\u00edkov\u00e9 vl\u00e1kno je dominantn\u00fd materi\u00e1l na\u0161ich stolov. Jeho vl\u00e1kna, ktor\u00e9 s\u00fa ten\u0161ie ako \u013eudsk\u00fd vlas, existuj\u00fa v rozmanit\u00fdch vizu\u00e1lnych \u0161trukt\u00farach. Poskytuj\u00fa r\u00f4zne vlastnosti, pri\u010dom v\u0161etky maj\u00fa vynikaj\u00facu pevnos\u0165, \u013eahkos\u0165 a odolnos\u0165.","robots":{"index":"index","follow":"follow","max-snippet":"max-snippet:-1","max-image-preview":"max-image-preview:large","max-video-preview":"max-video-preview:-1"},"canonical":"https:\/\/mitrodesign.com\/sk\/kontakt\/","og_locale":"sk_SK","og_type":"article","og_title":"Kontakt &ndash; MITRO Design \u2013 Exkluz\u00edvne karb\u00f3nov\u00e9 stoly","og_description":"Uhl\u00edkov\u00e9 vl\u00e1kno je dominantn\u00fd materi\u00e1l na\u0161ich stolov. Jeho vl\u00e1kna, ktor\u00e9 s\u00fa ten\u0161ie ako \u013eudsk\u00fd vlas, existuj\u00fa v rozmanit\u00fdch vizu\u00e1lnych \u0161trukt\u00farach. Poskytuj\u00fa r\u00f4zne vlastnosti, pri\u010dom v\u0161etky maj\u00fa vynikaj\u00facu pevnos\u0165, \u013eahkos\u0165 a odolnos\u0165.","og_url":"https:\/\/mitrodesign.com\/sk\/kontakt\/","og_site_name":"MITRO Design \u2013 Exclusive Carbon Tables","article_publisher":"https:\/\/www.facebook.com\/mitrodesign","article_modified_time":"2022-08-22T14:31:43+00:00","og_image":[{"url":"https:\/\/mitrodesign.com\/wp-content\/uploads\/2022\/02\/image.png"}],"twitter_card":"summary_large_image","twitter_image":"https:\/\/mitrodesign.com\/wp-content\/uploads\/2022\/02\/image.png","twitter_misc":{"Est. reading time":"1 min\u00fata"},"schema":{"@context":"https:\/\/schema.org","@graph":[{"@type":"Organization","@id":"https:\/\/mitrodesign.com\/#organization","name":"MITRO Design Carbon Tables","url":"https:\/\/mitrodesign.com\/","sameAs":["https:\/\/www.facebook.com\/mitrodesign","https:\/\/www.instagram.com\/mitrodesign_furniture\/"],"logo":{"@type":"ImageObject","@id":"https:\/\/mitrodesign.com\/#logo","inLanguage":"sk-SK","url":"https:\/\/www.mitrodesign.com\/wp-content\/uploads\/2022\/01\/logo_mitro_480x120_white_v01.png","contentUrl":"https:\/\/www.mitrodesign.com\/wp-content\/uploads\/2022\/01\/logo_mitro_480x120_white_v01.png","width":480,"height":120,"caption":"MITRO Design Carbon Tables"},"image":{"@id":"https:\/\/mitrodesign.com\/#logo"}},{"@type":"WebSite","@id":"https:\/\/mitrodesign.com\/#website","url":"https:\/\/mitrodesign.com\/","name":"MITRO Design \u2013 Exclusive Carbon Tables","description":"Dawn of Carbon | Exclusive Carbon Tables","publisher":{"@id":"https:\/\/mitrodesign.com\/#organization"},"potentialAction":[{"@type":"SearchAction","target":{"@type":"EntryPoint","urlTemplate":"https:\/\/mitrodesign.com\/?s={search_term_string}"},"query-input":"required name=search_term_string"}],"inLanguage":"sk-SK"},{"@type":"ImageObject","@id":"https:\/\/mitrodesign.com\/sk\/kontakt\/#primaryimage","inLanguage":"sk-SK","url":"","contentUrl":""},{"@type":"WebPage","@id":"https:\/\/mitrodesign.com\/sk\/kontakt\/#webpage","url":"https:\/\/mitrodesign.com\/sk\/kontakt\/","name":"Kontakt &ndash; MITRO Design \u2013 Exkluz\u00edvne karb\u00f3nov\u00e9 stoly","isPartOf":{"@id":"https:\/\/mitrodesign.com\/#website"},"datePublished":"2022-08-12T12:57:15+00:00","dateModified":"2022-08-22T14:31:43+00:00","description":"Uhl\u00edkov\u00e9 vl\u00e1kno je dominantn\u00fd materi\u00e1l na\u0161ich stolov. Jeho vl\u00e1kna, ktor\u00e9 s\u00fa ten\u0161ie ako \u013eudsk\u00fd vlas, existuj\u00fa v rozmanit\u00fdch vizu\u00e1lnych \u0161trukt\u00farach. Poskytuj\u00fa r\u00f4zne vlastnosti, pri\u010dom v\u0161etky maj\u00fa vynikaj\u00facu pevnos\u0165, \u013eahkos\u0165 a odolnos\u0165.","breadcrumb":{"@id":"https:\/\/mitrodesign.com\/sk\/kontakt\/#breadcrumb"},"inLanguage":"sk-SK","potentialAction":[{"@type":"ReadAction","target":["https:\/\/mitrodesign.com\/sk\/kontakt\/"]}]},{"@type":"BreadcrumbList","@id":"https:\/\/mitrodesign.com\/sk\/kontakt\/#breadcrumb","itemListElement":[{"@type":"ListItem","position":1,"name":"Dom\u016f","item":"https:\/\/mitrodesign.com\/sk\/"},{"@type":"ListItem","position":2,"name":"Kontakt"}]}]}},"_links":{"self":[{"href":"https:\/\/mitrodesign.com\/sk\/wp-json\/wp\/v2\/pages\/14918"}],"collection":[{"href":"https:\/\/mitrodesign.com\/sk\/wp-json\/wp\/v2\/pages"}],"about":[{"href":"https:\/\/mitrodesign.com\/sk\/wp-json\/wp\/v2\/types\/page"}],"author":[{"embeddable":true,"href":"https:\/\/mitrodesign.com\/sk\/wp-json\/wp\/v2\/users\/1"}],"replies":[{"embeddable":true,"href":"https:\/\/mitrodesign.com\/sk\/wp-json\/wp\/v2\/comments?post=14918"}],"version-history":[{"count":9,"href":"https:\/\/mitrodesign.com\/sk\/wp-json\/wp\/v2\/pages\/14918\/revisions"}],"predecessor-version":[{"id":14931,"href":"https:\/\/mitrodesign.com\/sk\/wp-json\/wp\/v2\/pages\/14918\/revisions\/14931"}],"wp:attachment":[{"href":"https:\/\/mitrodesign.com\/sk\/wp-json\/wp\/v2\/media?parent=14918"}],"curies":[{"name":"wp","href":"https:\/\/api.w.org\/{rel}","templated":true}]}}