{"id":14916,"date":"2022-05-09T14:36:24","date_gmt":"2022-05-09T12:36:24","guid":{"rendered":"https:\/\/mitrodesign.com\/eu-funds\/"},"modified":"2022-08-22T16:30:12","modified_gmt":"2022-08-22T14:30:12","slug":"fondy-eu","status":"publish","type":"page","link":"https:\/\/mitrodesign.com\/sk\/fondy-eu\/","title":{"rendered":"Fondy EU"},"content":{"rendered":"<p>[vc_row disable_element=&#8220;yes&#8220; row_type=&#8220;parallax&#8220; content_width=&#8220;grid&#8220; content_aligment=&#8220;center&#8220; full_screen_section_height=&#8220;yes&#8220; vertically_align_content_in_middle=&#8220;yes&#8220; back_to_top_skin=&#8220;light&#8220; css=&#8220;.vc_custom_1652100186263{margin-right: 0px !important;margin-left: 0px !important;border-right-width: 0px !important;border-left-width: 0px !important;background-color: #2b3034 !important;background-position: center !important;background-repeat: no-repeat !important;background-size: cover !important;}&#8220; parallax_background_image=&#8220;9019&#8243;][vc_column css_animation=&#8220;fadeIn&#8220;][vc_empty_space height=&#8220;150px&#8220;][vc_column_text]<\/p>\n<h2 class=\"nadpis-h2-a\">Dot\u00e1cie EU<\/h2>\n<p>[\/vc_column_text][vc_empty_space height=&#8220;150px&#8220;][\/vc_column][\/vc_row][vc_row row_type=&#8220;parallax&#8220; content_width=&#8220;grid&#8220; content_aligment=&#8220;center&#8220; full_screen_section_height=&#8220;yes&#8220; vertically_align_content_in_middle=&#8220;yes&#8220; back_to_top_skin=&#8220;light&#8220; css=&#8220;.vc_custom_1652100753834{margin-right: 0px !important;margin-bottom: 0px !important;margin-left: 0px !important;border-right-width: 0px !important;border-left-width: 0px !important;padding-bottom: 0px !important;background-color: #2b3034 !important;background-position: center !important;background-repeat: no-repeat !important;background-size: cover !important;}&#8220; parallax_background_image=&#8220;9019&#8243;][vc_column css_animation=&#8220;fadeIn&#8220;][vc_single_image source=&#8220;external_link&#8220; external_img_size=&#8220;full&#8220; alignment=&#8220;center&#8220; onclick=&#8220;custom_link&#8220; custom_src=&#8220;https:\/\/mitrodesign.com\/wp-content\/uploads\/2022\/05\/eu_funds_v01c.jpg&#8220; link=&#8220;https:\/\/mitrodesign.com\/wp-content\/uploads\/2022\/05\/eu_funds_v01b.pdf&#8220;][\/vc_column][\/vc_row][vc_row content_aligment=&#8220;center&#8220; back_to_top_skin=&#8220;light&#8220; css=&#8220;.vc_custom_1652100728689{margin-top: 0px !important;margin-bottom: 0px !important;border-top-width: 5px !important;border-bottom-width: 0px !important;padding-top: 0px !important;padding-bottom: 0px !important;background-color: #2b3034 !important;border-top-color: #ffffff !important;border-bottom-color: #ffffff !important;}&#8220;][vc_column css=&#8220;.vc_custom_1641317688944{margin-top: 0px !important;margin-bottom: 0px !important;border-top-width: 0px !important;border-bottom-width: 0px !important;padding-top: 0px !important;padding-bottom: 0px !important;}&#8220; offset=&#8220;vc_hidden-xs&#8220;]<div class=\"edgtf-separator-holder clearfix  edgtf-separator-center\">\n\t<div class=\"edgtf-separator\" style=\"border-color: #707c89;border-style: solid;width: 91.5%;border-bottom-width: 1px;margin-top: 10px;margin-bottom: 0px\"><\/div>\n<\/div>\n[\/vc_column][\/vc_row][vc_row row_type=&#8220;parallax&#8220; content_aligment=&#8220;center&#8220; full_screen_section_height=&#8220;no&#8220; back_to_top_skin=&#8220;light&#8220; css=&#8220;.vc_custom_1643385666097{margin-top: 0px !important;border-top-width: 0px !important;background-color: #2b3034 !important;border-top-color: #ffffff !important;}&#8220; el_id=&#8220;footer-01&#8243;][vc_column width=&#8220;1\/3&#8243; css=&#8220;.vc_custom_1642078149036{padding-top: 15px !important;padding-bottom: 20px !important;}&#8220;][vc_row_inner][vc_column_inner width=&#8220;1\/2&#8243;][vc_column_text]<\/p>\n<p class=\"center-on-mob\" style=\"color: #ffffff; font-weight: 300; font-size: 12px; text-transform: none; text-align: right;\">Sledujte n\u00e1s na soci\u00e1lnych sie\u0165ach:<!-- Copyright \u00a9 MITRO 2022--><\/p>\n<p>[\/vc_column_text][\/vc_column_inner][vc_column_inner el_class=&#8220;socky&#8220; width=&#8220;1\/2&#8243;]\n    <span class=\"edgtf-icon-shortcode normal edgtf-icon-tiny\"  data-hover-color=\"#707c89\" data-color=\"#ffffff\">\n                    <a href=\"\/fb\" target=\"_blank\" >\n        \n        <i class=\"edgtf-icon-font-awesome fa fa-facebook edgtf-icon-element\" style=\"color: #ffffff\" ><\/i>\n                    <\/a>\n            <\/span>\n\n\n    <span class=\"edgtf-icon-shortcode normal edgtf-icon-tiny\"  data-hover-color=\"#707c89\" data-color=\"#ffffff\">\n                    <a href=\"\/ig\" target=\"_blank\" >\n        \n        <i class=\"edgtf-icon-font-awesome fa fa-instagram edgtf-icon-element\" style=\"color: #ffffff\" ><\/i>\n                    <\/a>\n            <\/span>\n\n[\/vc_column_inner][\/vc_row_inner][\/vc_column][vc_column width=&#8220;1\/3&#8243; css=&#8220;.vc_custom_1642078232116{padding-top: 15px !important;padding-bottom: 20px !important;}&#8220;][vc_row_inner][vc_column_inner][vc_single_image source=&#8220;external_link&#8220; external_img_size=&#8220;120&#215;30&#8243; alignment=&#8220;center&#8220; custom_src=&#8220;\/wp-content\/uploads\/2022\/01\/logo_mitro_240x060_white_v01.png&#8220;][\/vc_column_inner][\/vc_row_inner][\/vc_column][vc_column width=&#8220;1\/3&#8243; css=&#8220;.vc_custom_1642078227400{padding-top: 15px !important;padding-bottom: 20px !important;}&#8220;][vc_row_inner el_class=&#8220;center-on-mob&#8220;][vc_column_inner width=&#8220;1\/2&#8243;][vc_column_text]<\/p>\n<p style=\"text-align: center; color: #ffffff; font-weight: 300; font-size: 12px; text-transform: none;\"><span class=\"phone\">+420&nbsp;602&nbsp;936&nbsp;715<\/span><\/p>\n<p>[\/vc_column_text][\/vc_column_inner][vc_column_inner width=&#8220;1\/2&#8243;][vc_column_text]<\/p>\n<p class=\"center-on-mob\" style=\"color: #ffffff; font-weight: 300; font-size: 12px; text-transform: none; text-align: left;\">info@mitrodesign.com<\/p>\n<p>[\/vc_column_text][\/vc_column_inner][\/vc_row_inner][\/vc_column][\/vc_row]<\/p>\n","protected":false},"excerpt":{"rendered":"<p>[vc_row disable_element=&#8220;yes&#8220; row_type=&#8220;parallax&#8220; content_width=&#8220;grid&#8220; content_aligment=&#8220;center&#8220; full_screen_section_height=&#8220;yes&#8220; vertically_align_content_in_middle=&#8220;yes&#8220; back_to_top_skin=&#8220;light&#8220; css=&#8220;.vc_custom_1652100186263{margin-right: 0px !important;margin-left: 0px !important;border-right-width: 0px !important;border-left-width: 0px !important;background-color: #2b3034 !important;background-position: center !important;background-repeat: no-repeat !important;background-size: cover !important;}&#8220; parallax_background_image=&#8220;9019&#8243;][vc_column css_animation=&#8220;fadeIn&#8220;][vc_empty_space height=&#8220;150px&#8220;][vc_column_text] Dot\u00e1cie EU [\/vc_column_text][vc_empty_space height=&#8220;150px&#8220;][\/vc_column][\/vc_row][vc_row row_type=&#8220;parallax&#8220; content_width=&#8220;grid&#8220; content_aligment=&#8220;center&#8220; full_screen_section_height=&#8220;yes&#8220; vertically_align_content_in_middle=&#8220;yes&#8220; back_to_top_skin=&#8220;light&#8220; css=&#8220;.vc_custom_1652100753834{margin-right: 0px !important;margin-bottom: 0px !important;margin-left: 0px !important;border-right-width:&#8230;<\/p>\n","protected":false},"author":1,"featured_media":0,"parent":0,"menu_order":0,"comment_status":"closed","ping_status":"closed","template":"full-width.php","meta":[],"yoast_head":"<!-- This site is optimized with the Yoast SEO plugin v18.1 - https:\/\/yoast.com\/wordpress\/plugins\/seo\/ -->\n<title>Fondy EU &ndash; MITRO Design \u2013 Exkluz\u00edvne karb\u00f3nov\u00e9 stoly<\/title>\n<meta name=\"description\" content=\"Uhl\u00edkov\u00e9 vl\u00e1kno je dominantn\u00fd materi\u00e1l na\u0161ich stolov. Jeho vl\u00e1kna, ktor\u00e9 s\u00fa ten\u0161ie ako \u013eudsk\u00fd vlas, existuj\u00fa v rozmanit\u00fdch vizu\u00e1lnych \u0161trukt\u00farach. Poskytuj\u00fa r\u00f4zne vlastnosti, pri\u010dom v\u0161etky maj\u00fa vynikaj\u00facu pevnos\u0165, \u013eahkos\u0165 a odolnos\u0165.\" \/>\n<meta name=\"robots\" content=\"index, follow, max-snippet:-1, max-image-preview:large, max-video-preview:-1\" \/>\n<link rel=\"canonical\" href=\"https:\/\/mitrodesign.com\/sk\/fondy-eu\/\" \/>\n<meta property=\"og:locale\" content=\"sk_SK\" \/>\n<meta property=\"og:type\" content=\"article\" \/>\n<meta property=\"og:title\" content=\"Fondy EU &ndash; MITRO Design \u2013 Exkluz\u00edvne karb\u00f3nov\u00e9 stoly\" \/>\n<meta property=\"og:description\" content=\"Uhl\u00edkov\u00e9 vl\u00e1kno je dominantn\u00fd materi\u00e1l na\u0161ich stolov. Jeho vl\u00e1kna, ktor\u00e9 s\u00fa ten\u0161ie ako \u013eudsk\u00fd vlas, existuj\u00fa v rozmanit\u00fdch vizu\u00e1lnych \u0161trukt\u00farach. Poskytuj\u00fa r\u00f4zne vlastnosti, pri\u010dom v\u0161etky maj\u00fa vynikaj\u00facu pevnos\u0165, \u013eahkos\u0165 a odolnos\u0165.\" \/>\n<meta property=\"og:url\" content=\"https:\/\/mitrodesign.com\/sk\/fondy-eu\/\" \/>\n<meta property=\"og:site_name\" content=\"MITRO Design \u2013 Exclusive Carbon Tables\" \/>\n<meta property=\"article:publisher\" content=\"https:\/\/www.facebook.com\/mitrodesign\" \/>\n<meta property=\"article:modified_time\" content=\"2022-08-22T14:30:12+00:00\" \/>\n<meta property=\"og:image\" content=\"https:\/\/mitrodesign.com\/wp-content\/uploads\/2022\/02\/image.png\" \/>\n\t<meta property=\"og:image:width\" content=\"2560\" \/>\n\t<meta property=\"og:image:height\" content=\"1340\" \/>\n\t<meta property=\"og:image:type\" content=\"image\/png\" \/>\n<meta name=\"twitter:card\" content=\"summary_large_image\" \/>\n<meta name=\"twitter:image\" content=\"https:\/\/mitrodesign.com\/wp-content\/uploads\/2022\/02\/image.png\" \/>\n<meta name=\"twitter:label1\" content=\"Est. reading time\" \/>\n\t<meta name=\"twitter:data1\" content=\"1 min\u00fata\" \/>\n<script type=\"application\/ld+json\" class=\"yoast-schema-graph\">{\"@context\":\"https:\/\/schema.org\",\"@graph\":[{\"@type\":\"Organization\",\"@id\":\"https:\/\/mitrodesign.com\/#organization\",\"name\":\"MITRO Design Carbon Tables\",\"url\":\"https:\/\/mitrodesign.com\/\",\"sameAs\":[\"https:\/\/www.facebook.com\/mitrodesign\",\"https:\/\/www.instagram.com\/mitrodesign_furniture\/\"],\"logo\":{\"@type\":\"ImageObject\",\"@id\":\"https:\/\/mitrodesign.com\/#logo\",\"inLanguage\":\"sk-SK\",\"url\":\"https:\/\/www.mitrodesign.com\/wp-content\/uploads\/2022\/01\/logo_mitro_480x120_white_v01.png\",\"contentUrl\":\"https:\/\/www.mitrodesign.com\/wp-content\/uploads\/2022\/01\/logo_mitro_480x120_white_v01.png\",\"width\":480,\"height\":120,\"caption\":\"MITRO Design Carbon Tables\"},\"image\":{\"@id\":\"https:\/\/mitrodesign.com\/#logo\"}},{\"@type\":\"WebSite\",\"@id\":\"https:\/\/mitrodesign.com\/#website\",\"url\":\"https:\/\/mitrodesign.com\/\",\"name\":\"MITRO Design \u2013 Exclusive Carbon Tables\",\"description\":\"Dawn of Carbon | Exclusive Carbon Tables\",\"publisher\":{\"@id\":\"https:\/\/mitrodesign.com\/#organization\"},\"potentialAction\":[{\"@type\":\"SearchAction\",\"target\":{\"@type\":\"EntryPoint\",\"urlTemplate\":\"https:\/\/mitrodesign.com\/?s={search_term_string}\"},\"query-input\":\"required name=search_term_string\"}],\"inLanguage\":\"sk-SK\"},{\"@type\":\"ImageObject\",\"@id\":\"https:\/\/mitrodesign.com\/sk\/fondy-eu\/#primaryimage\",\"inLanguage\":\"sk-SK\",\"url\":\"https:\/\/mitrodesign.com\/wp-content\/uploads\/2022\/02\/image.png\",\"contentUrl\":\"https:\/\/mitrodesign.com\/wp-content\/uploads\/2022\/02\/image.png\",\"width\":2560,\"height\":1340},{\"@type\":\"WebPage\",\"@id\":\"https:\/\/mitrodesign.com\/sk\/fondy-eu\/#webpage\",\"url\":\"https:\/\/mitrodesign.com\/sk\/fondy-eu\/\",\"name\":\"Fondy EU &ndash; MITRO Design \u2013 Exkluz\u00edvne karb\u00f3nov\u00e9 stoly\",\"isPartOf\":{\"@id\":\"https:\/\/mitrodesign.com\/#website\"},\"datePublished\":\"2022-05-09T12:36:24+00:00\",\"dateModified\":\"2022-08-22T14:30:12+00:00\",\"description\":\"Uhl\u00edkov\u00e9 vl\u00e1kno je dominantn\u00fd materi\u00e1l na\u0161ich stolov. Jeho vl\u00e1kna, ktor\u00e9 s\u00fa ten\u0161ie ako \u013eudsk\u00fd vlas, existuj\u00fa v rozmanit\u00fdch vizu\u00e1lnych \u0161trukt\u00farach. Poskytuj\u00fa r\u00f4zne vlastnosti, pri\u010dom v\u0161etky maj\u00fa vynikaj\u00facu pevnos\u0165, \u013eahkos\u0165 a odolnos\u0165.\",\"breadcrumb\":{\"@id\":\"https:\/\/mitrodesign.com\/sk\/fondy-eu\/#breadcrumb\"},\"inLanguage\":\"sk-SK\",\"potentialAction\":[{\"@type\":\"ReadAction\",\"target\":[\"https:\/\/mitrodesign.com\/sk\/fondy-eu\/\"]}]},{\"@type\":\"BreadcrumbList\",\"@id\":\"https:\/\/mitrodesign.com\/sk\/fondy-eu\/#breadcrumb\",\"itemListElement\":[{\"@type\":\"ListItem\",\"position\":1,\"name\":\"Dom\u016f\",\"item\":\"https:\/\/mitrodesign.com\/sk\/\"},{\"@type\":\"ListItem\",\"position\":2,\"name\":\"Fondy EU\"}]}]}<\/script>\n<!-- \/ Yoast SEO plugin. -->","yoast_head_json":{"title":"Fondy EU &ndash; MITRO Design \u2013 Exkluz\u00edvne karb\u00f3nov\u00e9 stoly","description":"Uhl\u00edkov\u00e9 vl\u00e1kno je dominantn\u00fd materi\u00e1l na\u0161ich stolov. Jeho vl\u00e1kna, ktor\u00e9 s\u00fa ten\u0161ie ako \u013eudsk\u00fd vlas, existuj\u00fa v rozmanit\u00fdch vizu\u00e1lnych \u0161trukt\u00farach. Poskytuj\u00fa r\u00f4zne vlastnosti, pri\u010dom v\u0161etky maj\u00fa vynikaj\u00facu pevnos\u0165, \u013eahkos\u0165 a odolnos\u0165.","robots":{"index":"index","follow":"follow","max-snippet":"max-snippet:-1","max-image-preview":"max-image-preview:large","max-video-preview":"max-video-preview:-1"},"canonical":"https:\/\/mitrodesign.com\/sk\/fondy-eu\/","og_locale":"sk_SK","og_type":"article","og_title":"Fondy EU &ndash; MITRO Design \u2013 Exkluz\u00edvne karb\u00f3nov\u00e9 stoly","og_description":"Uhl\u00edkov\u00e9 vl\u00e1kno je dominantn\u00fd materi\u00e1l na\u0161ich stolov. Jeho vl\u00e1kna, ktor\u00e9 s\u00fa ten\u0161ie ako \u013eudsk\u00fd vlas, existuj\u00fa v rozmanit\u00fdch vizu\u00e1lnych \u0161trukt\u00farach. Poskytuj\u00fa r\u00f4zne vlastnosti, pri\u010dom v\u0161etky maj\u00fa vynikaj\u00facu pevnos\u0165, \u013eahkos\u0165 a odolnos\u0165.","og_url":"https:\/\/mitrodesign.com\/sk\/fondy-eu\/","og_site_name":"MITRO Design \u2013 Exclusive Carbon Tables","article_publisher":"https:\/\/www.facebook.com\/mitrodesign","article_modified_time":"2022-08-22T14:30:12+00:00","og_image":[{"width":2560,"height":1340,"url":"https:\/\/mitrodesign.com\/wp-content\/uploads\/2022\/02\/image.png","type":"image\/png"}],"twitter_card":"summary_large_image","twitter_image":"https:\/\/mitrodesign.com\/wp-content\/uploads\/2022\/02\/image.png","twitter_misc":{"Est. reading time":"1 min\u00fata"},"schema":{"@context":"https:\/\/schema.org","@graph":[{"@type":"Organization","@id":"https:\/\/mitrodesign.com\/#organization","name":"MITRO Design Carbon Tables","url":"https:\/\/mitrodesign.com\/","sameAs":["https:\/\/www.facebook.com\/mitrodesign","https:\/\/www.instagram.com\/mitrodesign_furniture\/"],"logo":{"@type":"ImageObject","@id":"https:\/\/mitrodesign.com\/#logo","inLanguage":"sk-SK","url":"https:\/\/www.mitrodesign.com\/wp-content\/uploads\/2022\/01\/logo_mitro_480x120_white_v01.png","contentUrl":"https:\/\/www.mitrodesign.com\/wp-content\/uploads\/2022\/01\/logo_mitro_480x120_white_v01.png","width":480,"height":120,"caption":"MITRO Design Carbon Tables"},"image":{"@id":"https:\/\/mitrodesign.com\/#logo"}},{"@type":"WebSite","@id":"https:\/\/mitrodesign.com\/#website","url":"https:\/\/mitrodesign.com\/","name":"MITRO Design \u2013 Exclusive Carbon Tables","description":"Dawn of Carbon | Exclusive Carbon Tables","publisher":{"@id":"https:\/\/mitrodesign.com\/#organization"},"potentialAction":[{"@type":"SearchAction","target":{"@type":"EntryPoint","urlTemplate":"https:\/\/mitrodesign.com\/?s={search_term_string}"},"query-input":"required name=search_term_string"}],"inLanguage":"sk-SK"},{"@type":"ImageObject","@id":"https:\/\/mitrodesign.com\/sk\/fondy-eu\/#primaryimage","inLanguage":"sk-SK","url":"https:\/\/mitrodesign.com\/wp-content\/uploads\/2022\/02\/image.png","contentUrl":"https:\/\/mitrodesign.com\/wp-content\/uploads\/2022\/02\/image.png","width":2560,"height":1340},{"@type":"WebPage","@id":"https:\/\/mitrodesign.com\/sk\/fondy-eu\/#webpage","url":"https:\/\/mitrodesign.com\/sk\/fondy-eu\/","name":"Fondy EU &ndash; MITRO Design \u2013 Exkluz\u00edvne karb\u00f3nov\u00e9 stoly","isPartOf":{"@id":"https:\/\/mitrodesign.com\/#website"},"datePublished":"2022-05-09T12:36:24+00:00","dateModified":"2022-08-22T14:30:12+00:00","description":"Uhl\u00edkov\u00e9 vl\u00e1kno je dominantn\u00fd materi\u00e1l na\u0161ich stolov. Jeho vl\u00e1kna, ktor\u00e9 s\u00fa ten\u0161ie ako \u013eudsk\u00fd vlas, existuj\u00fa v rozmanit\u00fdch vizu\u00e1lnych \u0161trukt\u00farach. Poskytuj\u00fa r\u00f4zne vlastnosti, pri\u010dom v\u0161etky maj\u00fa vynikaj\u00facu pevnos\u0165, \u013eahkos\u0165 a odolnos\u0165.","breadcrumb":{"@id":"https:\/\/mitrodesign.com\/sk\/fondy-eu\/#breadcrumb"},"inLanguage":"sk-SK","potentialAction":[{"@type":"ReadAction","target":["https:\/\/mitrodesign.com\/sk\/fondy-eu\/"]}]},{"@type":"BreadcrumbList","@id":"https:\/\/mitrodesign.com\/sk\/fondy-eu\/#breadcrumb","itemListElement":[{"@type":"ListItem","position":1,"name":"Dom\u016f","item":"https:\/\/mitrodesign.com\/sk\/"},{"@type":"ListItem","position":2,"name":"Fondy EU"}]}]}},"_links":{"self":[{"href":"https:\/\/mitrodesign.com\/sk\/wp-json\/wp\/v2\/pages\/14916"}],"collection":[{"href":"https:\/\/mitrodesign.com\/sk\/wp-json\/wp\/v2\/pages"}],"about":[{"href":"https:\/\/mitrodesign.com\/sk\/wp-json\/wp\/v2\/types\/page"}],"author":[{"embeddable":true,"href":"https:\/\/mitrodesign.com\/sk\/wp-json\/wp\/v2\/users\/1"}],"replies":[{"embeddable":true,"href":"https:\/\/mitrodesign.com\/sk\/wp-json\/wp\/v2\/comments?post=14916"}],"version-history":[{"count":6,"href":"https:\/\/mitrodesign.com\/sk\/wp-json\/wp\/v2\/pages\/14916\/revisions"}],"predecessor-version":[{"id":15061,"href":"https:\/\/mitrodesign.com\/sk\/wp-json\/wp\/v2\/pages\/14916\/revisions\/15061"}],"wp:attachment":[{"href":"https:\/\/mitrodesign.com\/sk\/wp-json\/wp\/v2\/media?parent=14916"}],"curies":[{"name":"wp","href":"https:\/\/api.w.org\/{rel}","templated":true}]}}