{"id":14915,"date":"2022-02-22T15:51:44","date_gmt":"2022-02-22T14:51:44","guid":{"rendered":"https:\/\/mitrodesign.com\/the-mitros\/"},"modified":"2022-08-22T16:34:39","modified_gmt":"2022-08-22T14:34:39","slug":"o-mitro-dizajne","status":"publish","type":"page","link":"https:\/\/mitrodesign.com\/sk\/o-mitro-dizajne\/","title":{"rendered":"O MITRO dizajne"},"content":{"rendered":"<p>[vc_row back_to_top_skin=&#8220;default&#8220; css=&#8220;.vc_custom_1501157834234{background-color: #040404 !important;}&#8220;][vc_column][rev_slider_vc alias=&#8220;header-the-mitros-sk&#8220;][\/vc_column][\/vc_row][vc_row row_type=&#8220;parallax&#8220; content_width=&#8220;grid&#8220; content_aligment=&#8220;center&#8220; full_screen_section_height=&#8220;yes&#8220; vertically_align_content_in_middle=&#8220;yes&#8220; back_to_top_skin=&#8220;light&#8220; css=&#8220;.vc_custom_1641393092967{background-color: #2b3034 !important;}&#8220;][vc_column css_animation=&#8220;fadeIn&#8220;][vc_empty_space height=&#8220;80px&#8220;][vc_column_text]<\/p>\n<h2 class=\"nadpis-h2-a\">O MITRO dizajne<\/h2>\n<p>[\/vc_column_text][vc_empty_space height=&#8220;40px&#8220;][vc_column_text]<\/p>\n<p class=\"justify-left odstavec01\">Juraj, veden\u00fd svojou v\u00e1\u0161\u0148ou pre komplexn\u00fd funk\u010dn\u00fd dizajn, za\u010dal koncom 90. rokov navrhova\u0165 vlastn\u00e9 dizajny \u00e1ut. Prv\u00fdm z nich bol K1-Attack\u00a0 s expres\u00edvnym a nad\u010dasov\u00fdm dizajnom. Tento model vyroben\u00fd z kompozitn\u00fdch materi\u00e1lov vydl\u00e1\u017edil cestu pre \u010fal\u0161ie fascinuj\u00face stroje, ktor\u00e9 e\u0161te len mali pr\u00eds\u0165. Juraj, ktor\u00fd pre\u0161iel mnoh\u00fdmi z\u00e1vodn\u00fdmi a cestn\u00fdmi autami, sa nakoniec stal \u0161\u00e9fdizajn\u00e9rom Praga Cars, eur\u00f3pskeho v\u00fdrobcu pretek\u00e1rskych \u00e1ut, kde predstavil svoj celokarb\u00f3nov\u00fd model PRAGA R1. Ke\u010f\u017ee Juraj u\u017e viac ako 20 rokov v\u017edy aj fyzicky spracov\u00e1val materi\u00e1l, dosiahol vysok\u00fa \u00farove\u0148 porozumenia pre kompozity, \u010do mu umo\u017enilo integrova\u0165 formu a funkciu do skuto\u010dne zlo\u017eit\u00fdch a \u00fachvatn\u00fdch n\u00e1vrhov.<\/p>\n<p class=\"justify-left odstavec01\">Toto poznanie sa stalo charakteristyck\u00fdm rysom pre zna\u010dkou Mitro design, firmu, ktor\u00fa vedie Juraj s man\u017eelkou Etelou, \u00faspe\u0161nou interi\u00e9rovou dizajn\u00e9rkou. Obaja \u0161tudovali na Vysokej \u0161kole v\u00fdtvarn\u00fdch umen\u00ed v Bratislave. Zatia\u013e, \u010do sa Juraj zameral na transport dizajn, Etela sa vybrala cestou priemyseln\u00e9ho dizajnu. So svojimi bohat\u00fdmi sk\u00fasenos\u0165ami s navrhovan\u00edm luxusn\u00fdch bytov, jedine\u010dn\u00fdmi rie\u0161eniami pre firmy a dokonca aj redizajnom interi\u00e9ru kostola, zdokona\u013euje Etela svoj cit pre individu\u00e1lny pr\u00edstup ku klientom.<\/p>\n<p class=\"justify-left odstavec01\">Nov\u00fd rad karb\u00f3nov\u00e9ho n\u00e1bytku Juraja a Etely predstavuje siln\u00fd potenci\u00e1l ich partnerstva. Pre t\u00fato dizajn\u00e9rsku dvojicu nie s\u00fa \u010dist\u00e9 a expres\u00edvne l\u00ednie len o vzh\u013eade karb\u00f3nu. Ich pr\u00e1ca je o vytv\u00e1ran\u00ed artefaktov postaven\u00fdch na re\u0161pektovan\u00ed materi\u00e1lov a pos\u00favan\u00edm ich \u0161trukt\u00far na hranicu ich fyzik\u00e1lnych limitov. Presne ako v pretek\u00e1rskom svete.<\/p>\n<p>[\/vc_column_text][vc_empty_space height=&#8220;80px&#8220;][\/vc_column][\/vc_row][vc_row row_type=&#8220;parallax&#8220; content_aligment=&#8220;center&#8220; full_screen_section_height=&#8220;yes&#8220; vertically_align_content_in_middle=&#8220;yes&#8220; back_to_top_skin=&#8220;default&#8220; parallax_background_image=&#8220;9761&#8243; el_id=&#8220;mitros-01&#8243;][vc_column][vc_empty_space height=&#8220;400px&#8220;][\/vc_column][\/vc_row][vc_row row_type=&#8220;parallax&#8220; content_aligment=&#8220;center&#8220; full_screen_section_height=&#8220;no&#8220; back_to_top_skin=&#8220;default&#8220; el_id=&#8220;mitros-01-mobile&#8220; css=&#8220;.vc_custom_1645542928761{margin-top: 0px !important;margin-right: 0px !important;margin-bottom: 0px !important;margin-left: 0px !important;padding-top: 0px !important;padding-right: 0px !important;padding-bottom: 0px !important;padding-left: 0px !important;}&#8220;][vc_column css=&#8220;.vc_custom_1643983847864{margin-top: 0px !important;margin-right: 0px !important;margin-bottom: 0px !important;margin-left: 0px !important;padding-top: 0px !important;padding-right: 0px !important;padding-bottom: 0px !important;padding-left: 0px !important;}&#8220;][vc_single_image source=&#8220;external_link&#8220; alignment=&#8220;center&#8220; css=&#8220;.vc_custom_1645623608846{margin-top: 0px !important;margin-right: 0px !important;margin-bottom: 0px !important;margin-left: 0px !important;padding-top: 0px !important;padding-right: 0px !important;padding-bottom: 0px !important;padding-left: 0px !important;}&#8220; custom_src=&#8220;\/wp-content\/uploads\/2022\/02\/the_mitros_mobile_v01_1080x1440.jpg&#8220;][\/vc_column][\/vc_row][vc_row row_type=&#8220;parallax&#8220; content_aligment=&#8220;center&#8220; full_screen_section_height=&#8220;no&#8220; back_to_top_skin=&#8220;light&#8220; css=&#8220;.vc_custom_1643385666097{margin-top: 0px !important;border-top-width: 0px !important;background-color: #2b3034 !important;border-top-color: #ffffff !important;}&#8220; el_id=&#8220;footer-01&#8243;][vc_column width=&#8220;1\/3&#8243; css=&#8220;.vc_custom_1642078149036{padding-top: 15px !important;padding-bottom: 20px !important;}&#8220;][vc_row_inner][vc_column_inner width=&#8220;1\/2&#8243;][vc_column_text]<\/p>\n<p class=\"center-on-mob\" style=\"color: #ffffff; font-weight: 300; font-size: 12px; text-transform: none; text-align: right;\">Sledujte n\u00e1s na soci\u00e1lnych sie\u0165ach:<!-- Copyright \u00a9 MITRO 2022--><\/p>\n<p>[\/vc_column_text][\/vc_column_inner][vc_column_inner el_class=&#8220;socky&#8220; width=&#8220;1\/2&#8243;]\n    <span class=\"edgtf-icon-shortcode normal edgtf-icon-tiny\"  data-hover-color=\"#707c89\" data-color=\"#ffffff\">\n                    <a href=\"\/fb\" target=\"_blank\" >\n        \n        <i class=\"edgtf-icon-font-awesome fa fa-facebook edgtf-icon-element\" style=\"color: #ffffff\" ><\/i>\n                    <\/a>\n            <\/span>\n\n\n    <span class=\"edgtf-icon-shortcode normal edgtf-icon-tiny\"  data-hover-color=\"#707c89\" data-color=\"#ffffff\">\n                    <a href=\"\/ig\" target=\"_blank\" >\n        \n        <i class=\"edgtf-icon-font-awesome fa fa-instagram edgtf-icon-element\" style=\"color: #ffffff\" ><\/i>\n                    <\/a>\n            <\/span>\n\n[\/vc_column_inner][\/vc_row_inner][\/vc_column][vc_column width=&#8220;1\/3&#8243; css=&#8220;.vc_custom_1642078232116{padding-top: 15px !important;padding-bottom: 20px !important;}&#8220;][vc_row_inner][vc_column_inner][vc_single_image source=&#8220;external_link&#8220; external_img_size=&#8220;120&#215;30&#8243; alignment=&#8220;center&#8220; custom_src=&#8220;\/wp-content\/uploads\/2022\/01\/logo_mitro_240x060_white_v01.png&#8220;][\/vc_column_inner][\/vc_row_inner][\/vc_column][vc_column width=&#8220;1\/3&#8243; css=&#8220;.vc_custom_1642078227400{padding-top: 15px !important;padding-bottom: 20px !important;}&#8220;][vc_row_inner el_class=&#8220;center-on-mob&#8220;][vc_column_inner width=&#8220;1\/2&#8243;][vc_column_text]<\/p>\n<p style=\"text-align: center; color: #ffffff; font-weight: 300; font-size: 12px; text-transform: none;\"><span class=\"phone\">+420&nbsp;602&nbsp;936&nbsp;715<\/span><\/p>\n<p>[\/vc_column_text][\/vc_column_inner][vc_column_inner width=&#8220;1\/2&#8243;][vc_column_text]<\/p>\n<p class=\"center-on-mob\" style=\"color: #ffffff; font-weight: 300; font-size: 12px; text-transform: none; text-align: left;\">info@mitrodesign.com<\/p>\n<p>[\/vc_column_text][\/vc_column_inner][\/vc_row_inner][\/vc_column][\/vc_row]<\/p>\n","protected":false},"excerpt":{"rendered":"<p>[vc_row back_to_top_skin=&#8220;default&#8220; css=&#8220;.vc_custom_1501157834234{background-color: #040404 !important;}&#8220;][vc_column][rev_slider_vc alias=&#8220;header-the-mitros-sk&#8220;][\/vc_column][\/vc_row][vc_row row_type=&#8220;parallax&#8220; content_width=&#8220;grid&#8220; content_aligment=&#8220;center&#8220; full_screen_section_height=&#8220;yes&#8220; vertically_align_content_in_middle=&#8220;yes&#8220; back_to_top_skin=&#8220;light&#8220; css=&#8220;.vc_custom_1641393092967{background-color: #2b3034 !important;}&#8220;][vc_column css_animation=&#8220;fadeIn&#8220;][vc_empty_space height=&#8220;80px&#8220;][vc_column_text] O MITRO dizajne [\/vc_column_text][vc_empty_space height=&#8220;40px&#8220;][vc_column_text] Juraj, veden\u00fd svojou v\u00e1\u0161\u0148ou pre komplexn\u00fd funk\u010dn\u00fd dizajn, za\u010dal koncom 90. rokov navrhova\u0165 vlastn\u00e9 dizajny \u00e1ut. Prv\u00fdm z nich bol K1-Attack\u00a0 s expres\u00edvnym&#8230;<\/p>\n","protected":false},"author":1,"featured_media":0,"parent":0,"menu_order":0,"comment_status":"closed","ping_status":"closed","template":"full-width.php","meta":[],"yoast_head":"<!-- This site is optimized with the Yoast SEO plugin v18.1 - https:\/\/yoast.com\/wordpress\/plugins\/seo\/ -->\n<title>O MITRO dizajne &ndash; MITRO Design \u2013 Exkluz\u00edvne karb\u00f3nov\u00e9 stoly<\/title>\n<meta name=\"description\" content=\"Nov\u00fd rad karb\u00f3nov\u00e9ho n\u00e1bytku Juraja a Etely predstavuje siln\u00fd potenci\u00e1l ich partnerstva. Pre t\u00fato dizajn\u00e9rsku dvojicu nie s\u00fa \u010dist\u00e9 a expres\u00edvne l\u00ednie len o vzh\u013eade karb\u00f3nu. Ich pr\u00e1ca je o vytv\u00e1ran\u00ed artefaktov postaven\u00fdch na re\u0161pektovan\u00ed materi\u00e1lov a pos\u00favan\u00edm ich \u0161trukt\u00far na hranicu ich fyzik\u00e1lnych limitov. Presne ako v pretek\u00e1rskom svete.\" \/>\n<meta name=\"robots\" content=\"index, follow, max-snippet:-1, max-image-preview:large, max-video-preview:-1\" \/>\n<link rel=\"canonical\" href=\"https:\/\/mitrodesign.com\/sk\/o-mitro-dizajne\/\" \/>\n<meta property=\"og:locale\" content=\"sk_SK\" \/>\n<meta property=\"og:type\" content=\"article\" \/>\n<meta property=\"og:title\" content=\"O MITRO dizajne &ndash; MITRO Design \u2013 Exkluz\u00edvne karb\u00f3nov\u00e9 stoly\" \/>\n<meta property=\"og:description\" content=\"Nov\u00fd rad karb\u00f3nov\u00e9ho n\u00e1bytku Juraja a Etely predstavuje siln\u00fd potenci\u00e1l ich partnerstva. Pre t\u00fato dizajn\u00e9rsku dvojicu nie s\u00fa \u010dist\u00e9 a expres\u00edvne l\u00ednie len o vzh\u013eade karb\u00f3nu. Ich pr\u00e1ca je o vytv\u00e1ran\u00ed artefaktov postaven\u00fdch na re\u0161pektovan\u00ed materi\u00e1lov a pos\u00favan\u00edm ich \u0161trukt\u00far na hranicu ich fyzik\u00e1lnych limitov. Presne ako v pretek\u00e1rskom svete.\" \/>\n<meta property=\"og:url\" content=\"https:\/\/mitrodesign.com\/sk\/o-mitro-dizajne\/\" \/>\n<meta property=\"og:site_name\" content=\"MITRO Design \u2013 Exclusive Carbon Tables\" \/>\n<meta property=\"article:publisher\" content=\"https:\/\/www.facebook.com\/mitrodesign\" \/>\n<meta property=\"article:modified_time\" content=\"2022-08-22T14:34:39+00:00\" \/>\n<meta property=\"og:image\" content=\"https:\/\/mitrodesign.com\/wp-content\/uploads\/2022\/02\/image_the_mitros.png\" \/>\n\t<meta property=\"og:image:width\" content=\"2560\" \/>\n\t<meta property=\"og:image:height\" content=\"1340\" \/>\n\t<meta property=\"og:image:type\" content=\"image\/png\" \/>\n<meta name=\"twitter:card\" content=\"summary_large_image\" \/>\n<meta name=\"twitter:image\" content=\"https:\/\/mitrodesign.com\/wp-content\/uploads\/2022\/02\/image_the_mitros.png\" \/>\n<meta name=\"twitter:label1\" content=\"Est. reading time\" \/>\n\t<meta name=\"twitter:data1\" content=\"2 min\u00faty\" \/>\n<script type=\"application\/ld+json\" class=\"yoast-schema-graph\">{\"@context\":\"https:\/\/schema.org\",\"@graph\":[{\"@type\":\"Organization\",\"@id\":\"https:\/\/mitrodesign.com\/#organization\",\"name\":\"MITRO Design Carbon Tables\",\"url\":\"https:\/\/mitrodesign.com\/\",\"sameAs\":[\"https:\/\/www.facebook.com\/mitrodesign\",\"https:\/\/www.instagram.com\/mitrodesign_furniture\/\"],\"logo\":{\"@type\":\"ImageObject\",\"@id\":\"https:\/\/mitrodesign.com\/#logo\",\"inLanguage\":\"sk-SK\",\"url\":\"https:\/\/www.mitrodesign.com\/wp-content\/uploads\/2022\/01\/logo_mitro_480x120_white_v01.png\",\"contentUrl\":\"https:\/\/www.mitrodesign.com\/wp-content\/uploads\/2022\/01\/logo_mitro_480x120_white_v01.png\",\"width\":480,\"height\":120,\"caption\":\"MITRO Design Carbon Tables\"},\"image\":{\"@id\":\"https:\/\/mitrodesign.com\/#logo\"}},{\"@type\":\"WebSite\",\"@id\":\"https:\/\/mitrodesign.com\/#website\",\"url\":\"https:\/\/mitrodesign.com\/\",\"name\":\"MITRO Design \u2013 Exclusive Carbon Tables\",\"description\":\"Dawn of Carbon | Exclusive Carbon Tables\",\"publisher\":{\"@id\":\"https:\/\/mitrodesign.com\/#organization\"},\"potentialAction\":[{\"@type\":\"SearchAction\",\"target\":{\"@type\":\"EntryPoint\",\"urlTemplate\":\"https:\/\/mitrodesign.com\/?s={search_term_string}\"},\"query-input\":\"required name=search_term_string\"}],\"inLanguage\":\"sk-SK\"},{\"@type\":\"ImageObject\",\"@id\":\"https:\/\/mitrodesign.com\/sk\/o-mitro-dizajne\/#primaryimage\",\"inLanguage\":\"sk-SK\",\"url\":\"https:\/\/mitrodesign.com\/wp-content\/uploads\/2022\/02\/image_the_mitros.png\",\"contentUrl\":\"https:\/\/mitrodesign.com\/wp-content\/uploads\/2022\/02\/image_the_mitros.png\",\"width\":2560,\"height\":1340},{\"@type\":\"WebPage\",\"@id\":\"https:\/\/mitrodesign.com\/sk\/o-mitro-dizajne\/#webpage\",\"url\":\"https:\/\/mitrodesign.com\/sk\/o-mitro-dizajne\/\",\"name\":\"O MITRO dizajne &ndash; MITRO Design \u2013 Exkluz\u00edvne karb\u00f3nov\u00e9 stoly\",\"isPartOf\":{\"@id\":\"https:\/\/mitrodesign.com\/#website\"},\"datePublished\":\"2022-02-22T14:51:44+00:00\",\"dateModified\":\"2022-08-22T14:34:39+00:00\",\"description\":\"Nov\u00fd rad karb\u00f3nov\u00e9ho n\u00e1bytku Juraja a Etely predstavuje siln\u00fd potenci\u00e1l ich partnerstva. Pre t\u00fato dizajn\u00e9rsku dvojicu nie s\u00fa \u010dist\u00e9 a expres\u00edvne l\u00ednie len o vzh\u013eade karb\u00f3nu. Ich pr\u00e1ca je o vytv\u00e1ran\u00ed artefaktov postaven\u00fdch na re\u0161pektovan\u00ed materi\u00e1lov a pos\u00favan\u00edm ich \u0161trukt\u00far na hranicu ich fyzik\u00e1lnych limitov. Presne ako v pretek\u00e1rskom svete.\",\"breadcrumb\":{\"@id\":\"https:\/\/mitrodesign.com\/sk\/o-mitro-dizajne\/#breadcrumb\"},\"inLanguage\":\"sk-SK\",\"potentialAction\":[{\"@type\":\"ReadAction\",\"target\":[\"https:\/\/mitrodesign.com\/sk\/o-mitro-dizajne\/\"]}]},{\"@type\":\"BreadcrumbList\",\"@id\":\"https:\/\/mitrodesign.com\/sk\/o-mitro-dizajne\/#breadcrumb\",\"itemListElement\":[{\"@type\":\"ListItem\",\"position\":1,\"name\":\"Dom\u016f\",\"item\":\"https:\/\/mitrodesign.com\/sk\/\"},{\"@type\":\"ListItem\",\"position\":2,\"name\":\"O MITRO dizajne\"}]}]}<\/script>\n<!-- \/ Yoast SEO plugin. -->","yoast_head_json":{"title":"O MITRO dizajne &ndash; MITRO Design \u2013 Exkluz\u00edvne karb\u00f3nov\u00e9 stoly","description":"Nov\u00fd rad karb\u00f3nov\u00e9ho n\u00e1bytku Juraja a Etely predstavuje siln\u00fd potenci\u00e1l ich partnerstva. Pre t\u00fato dizajn\u00e9rsku dvojicu nie s\u00fa \u010dist\u00e9 a expres\u00edvne l\u00ednie len o vzh\u013eade karb\u00f3nu. Ich pr\u00e1ca je o vytv\u00e1ran\u00ed artefaktov postaven\u00fdch na re\u0161pektovan\u00ed materi\u00e1lov a pos\u00favan\u00edm ich \u0161trukt\u00far na hranicu ich fyzik\u00e1lnych limitov. Presne ako v pretek\u00e1rskom svete.","robots":{"index":"index","follow":"follow","max-snippet":"max-snippet:-1","max-image-preview":"max-image-preview:large","max-video-preview":"max-video-preview:-1"},"canonical":"https:\/\/mitrodesign.com\/sk\/o-mitro-dizajne\/","og_locale":"sk_SK","og_type":"article","og_title":"O MITRO dizajne &ndash; MITRO Design \u2013 Exkluz\u00edvne karb\u00f3nov\u00e9 stoly","og_description":"Nov\u00fd rad karb\u00f3nov\u00e9ho n\u00e1bytku Juraja a Etely predstavuje siln\u00fd potenci\u00e1l ich partnerstva. Pre t\u00fato dizajn\u00e9rsku dvojicu nie s\u00fa \u010dist\u00e9 a expres\u00edvne l\u00ednie len o vzh\u013eade karb\u00f3nu. Ich pr\u00e1ca je o vytv\u00e1ran\u00ed artefaktov postaven\u00fdch na re\u0161pektovan\u00ed materi\u00e1lov a pos\u00favan\u00edm ich \u0161trukt\u00far na hranicu ich fyzik\u00e1lnych limitov. Presne ako v pretek\u00e1rskom svete.","og_url":"https:\/\/mitrodesign.com\/sk\/o-mitro-dizajne\/","og_site_name":"MITRO Design \u2013 Exclusive Carbon Tables","article_publisher":"https:\/\/www.facebook.com\/mitrodesign","article_modified_time":"2022-08-22T14:34:39+00:00","og_image":[{"width":2560,"height":1340,"url":"https:\/\/mitrodesign.com\/wp-content\/uploads\/2022\/02\/image_the_mitros.png","type":"image\/png"}],"twitter_card":"summary_large_image","twitter_image":"https:\/\/mitrodesign.com\/wp-content\/uploads\/2022\/02\/image_the_mitros.png","twitter_misc":{"Est. reading time":"2 min\u00faty"},"schema":{"@context":"https:\/\/schema.org","@graph":[{"@type":"Organization","@id":"https:\/\/mitrodesign.com\/#organization","name":"MITRO Design Carbon Tables","url":"https:\/\/mitrodesign.com\/","sameAs":["https:\/\/www.facebook.com\/mitrodesign","https:\/\/www.instagram.com\/mitrodesign_furniture\/"],"logo":{"@type":"ImageObject","@id":"https:\/\/mitrodesign.com\/#logo","inLanguage":"sk-SK","url":"https:\/\/www.mitrodesign.com\/wp-content\/uploads\/2022\/01\/logo_mitro_480x120_white_v01.png","contentUrl":"https:\/\/www.mitrodesign.com\/wp-content\/uploads\/2022\/01\/logo_mitro_480x120_white_v01.png","width":480,"height":120,"caption":"MITRO Design Carbon Tables"},"image":{"@id":"https:\/\/mitrodesign.com\/#logo"}},{"@type":"WebSite","@id":"https:\/\/mitrodesign.com\/#website","url":"https:\/\/mitrodesign.com\/","name":"MITRO Design \u2013 Exclusive Carbon Tables","description":"Dawn of Carbon | Exclusive Carbon Tables","publisher":{"@id":"https:\/\/mitrodesign.com\/#organization"},"potentialAction":[{"@type":"SearchAction","target":{"@type":"EntryPoint","urlTemplate":"https:\/\/mitrodesign.com\/?s={search_term_string}"},"query-input":"required name=search_term_string"}],"inLanguage":"sk-SK"},{"@type":"ImageObject","@id":"https:\/\/mitrodesign.com\/sk\/o-mitro-dizajne\/#primaryimage","inLanguage":"sk-SK","url":"https:\/\/mitrodesign.com\/wp-content\/uploads\/2022\/02\/image_the_mitros.png","contentUrl":"https:\/\/mitrodesign.com\/wp-content\/uploads\/2022\/02\/image_the_mitros.png","width":2560,"height":1340},{"@type":"WebPage","@id":"https:\/\/mitrodesign.com\/sk\/o-mitro-dizajne\/#webpage","url":"https:\/\/mitrodesign.com\/sk\/o-mitro-dizajne\/","name":"O MITRO dizajne &ndash; MITRO Design \u2013 Exkluz\u00edvne karb\u00f3nov\u00e9 stoly","isPartOf":{"@id":"https:\/\/mitrodesign.com\/#website"},"datePublished":"2022-02-22T14:51:44+00:00","dateModified":"2022-08-22T14:34:39+00:00","description":"Nov\u00fd rad karb\u00f3nov\u00e9ho n\u00e1bytku Juraja a Etely predstavuje siln\u00fd potenci\u00e1l ich partnerstva. Pre t\u00fato dizajn\u00e9rsku dvojicu nie s\u00fa \u010dist\u00e9 a expres\u00edvne l\u00ednie len o vzh\u013eade karb\u00f3nu. Ich pr\u00e1ca je o vytv\u00e1ran\u00ed artefaktov postaven\u00fdch na re\u0161pektovan\u00ed materi\u00e1lov a pos\u00favan\u00edm ich \u0161trukt\u00far na hranicu ich fyzik\u00e1lnych limitov. Presne ako v pretek\u00e1rskom svete.","breadcrumb":{"@id":"https:\/\/mitrodesign.com\/sk\/o-mitro-dizajne\/#breadcrumb"},"inLanguage":"sk-SK","potentialAction":[{"@type":"ReadAction","target":["https:\/\/mitrodesign.com\/sk\/o-mitro-dizajne\/"]}]},{"@type":"BreadcrumbList","@id":"https:\/\/mitrodesign.com\/sk\/o-mitro-dizajne\/#breadcrumb","itemListElement":[{"@type":"ListItem","position":1,"name":"Dom\u016f","item":"https:\/\/mitrodesign.com\/sk\/"},{"@type":"ListItem","position":2,"name":"O MITRO dizajne"}]}]}},"_links":{"self":[{"href":"https:\/\/mitrodesign.com\/sk\/wp-json\/wp\/v2\/pages\/14915"}],"collection":[{"href":"https:\/\/mitrodesign.com\/sk\/wp-json\/wp\/v2\/pages"}],"about":[{"href":"https:\/\/mitrodesign.com\/sk\/wp-json\/wp\/v2\/types\/page"}],"author":[{"embeddable":true,"href":"https:\/\/mitrodesign.com\/sk\/wp-json\/wp\/v2\/users\/1"}],"replies":[{"embeddable":true,"href":"https:\/\/mitrodesign.com\/sk\/wp-json\/wp\/v2\/comments?post=14915"}],"version-history":[{"count":7,"href":"https:\/\/mitrodesign.com\/sk\/wp-json\/wp\/v2\/pages\/14915\/revisions"}],"predecessor-version":[{"id":15070,"href":"https:\/\/mitrodesign.com\/sk\/wp-json\/wp\/v2\/pages\/14915\/revisions\/15070"}],"wp:attachment":[{"href":"https:\/\/mitrodesign.com\/sk\/wp-json\/wp\/v2\/media?parent=14915"}],"curies":[{"name":"wp","href":"https:\/\/api.w.org\/{rel}","templated":true}]}}