{"id":14902,"date":"2022-01-05T12:39:01","date_gmt":"2022-01-05T11:39:01","guid":{"rendered":"https:\/\/mitrodesign.com\/edge\/"},"modified":"2022-08-22T16:29:07","modified_gmt":"2022-08-22T14:29:07","slug":"edge","status":"publish","type":"page","link":"https:\/\/mitrodesign.com\/sk\/edge\/","title":{"rendered":"Edge"},"content":{"rendered":"<p>[vc_row back_to_top_skin=&#8220;default&#8220; css=&#8220;.vc_custom_1501157834234{background-color: #040404 !important;}&#8220;][vc_column][rev_slider_vc alias=&#8220;Header-Edge-2&#8243;][\/vc_column][\/vc_row][vc_row row_type=&#8220;parallax&#8220; content_width=&#8220;grid&#8220; content_aligment=&#8220;center&#8220; full_screen_section_height=&#8220;yes&#8220; vertically_align_content_in_middle=&#8220;yes&#8220; back_to_top_skin=&#8220;light&#8220; css=&#8220;.vc_custom_1641393092967{background-color: #2b3034 !important;}&#8220;][vc_column css_animation=&#8220;fadeIn&#8220;][vc_empty_space height=&#8220;80px&#8220;][vc_column_text]<\/p>\n<h2 class=\"nadpis-h2-a\">Edge<\/h2>\n<p>[\/vc_column_text][vc_empty_space height=&#8220;40px&#8220;][vc_column_text]<\/p>\n<p class=\"justify-left odstavec01\">Bez sm\u00fatku niet \u0161\u0165astia. Bez zla niet dobra. A bez koexistencie bionick\u00fdch a stroh\u00fdch tvarov by nebolo Edge. Jedno bez druh\u00e9ho nem\u00f4\u017ee existova\u0165. K\u00fdm strohos\u0165 spo\u010d\u00edva v priamej a pr\u00edsnej architektonickej forme, je tu aj opa\u010dn\u00e1 sila. M\u00e4kkos\u0165, ktor\u00fa n\u00e1jdete, ke\u010f sa pozriete hlb\u0161ie dovn\u00fatra. Je to lah\u00f4dka vn\u00fatornej dynamickej bio\u0161trukt\u00fary. Nevyhnutn\u00fd kontrast v harm\u00f3nii.<\/p>\n<p>[\/vc_column_text][vc_empty_space height=&#8220;80px&#8220;][\/vc_column][\/vc_row][vc_row row_type=&#8220;parallax&#8220; content_aligment=&#8220;center&#8220; full_screen_section_height=&#8220;yes&#8220; vertically_align_content_in_middle=&#8220;yes&#8220; back_to_top_skin=&#8220;default&#8220; parallax_background_image=&#8220;9765&#8243; el_id=&#8220;edge-01&#8243;][vc_column][vc_empty_space height=&#8220;400px&#8220;][\/vc_column][\/vc_row][vc_row row_type=&#8220;parallax&#8220; content_aligment=&#8220;center&#8220; full_screen_section_height=&#8220;no&#8220; back_to_top_skin=&#8220;default&#8220; el_id=&#8220;edge-01-mobile&#8220; css=&#8220;.vc_custom_1644179753151{margin-top: 0px !important;margin-right: 0px !important;margin-bottom: 0px !important;margin-left: 0px !important;padding-top: 0px !important;padding-right: 0px !important;padding-bottom: 0px !important;padding-left: 0px !important;}&#8220;][vc_column css=&#8220;.vc_custom_1643983847864{margin-top: 0px !important;margin-right: 0px !important;margin-bottom: 0px !important;margin-left: 0px !important;padding-top: 0px !important;padding-right: 0px !important;padding-bottom: 0px !important;padding-left: 0px !important;}&#8220;][vc_single_image source=&#8220;external_link&#8220; alignment=&#8220;center&#8220; css=&#8220;.vc_custom_1645618346624{margin-top: 0px !important;margin-right: 0px !important;margin-bottom: 0px !important;margin-left: 0px !important;padding-top: 0px !important;padding-right: 0px !important;padding-bottom: 0px !important;padding-left: 0px !important;}&#8220; custom_src=&#8220;https:\/\/mitrodesign.com\/wp-content\/uploads\/2022\/02\/edge_mobile_v02_1080x1440.jpg&#8220;][\/vc_column][\/vc_row][vc_row row_type=&#8220;parallax&#8220; content_width=&#8220;grid&#8220; content_aligment=&#8220;center&#8220; full_screen_section_height=&#8220;yes&#8220; vertically_align_content_in_middle=&#8220;yes&#8220; back_to_top_skin=&#8220;light&#8220; css=&#8220;.vc_custom_1643302605435{background-color: #2b3034 !important;background-position: center !important;background-repeat: no-repeat !important;background-size: contain !important;}&#8220; el_class=&#8220;blok-nakresy blok-nakresy-infinity&#8220;][vc_column parallax=&#8220;content-moving&#8220; css_animation=&#8220;fadeIn&#8220;][vc_row_inner][vc_column_inner][vc_column_text]<\/p>\n<h2 class=\"nadpis-h2-a\">Pre\u010do tento st\u00f4l?<\/h2>\n<p>[\/vc_column_text][vc_empty_space height=&#8220;40px&#8220;][\/vc_column_inner][\/vc_row_inner][vc_row_inner content_aligment=&#8220;center&#8220;][vc_column_inner width=&#8220;1\/2&#8243;][vc_column_text]<\/p>\n<div class=\"left odrazky01\">\n<ul class=\"\">\n<li>Kancel\u00e1rsky st\u00f4l<\/li>\n<li>Vhodn\u00fd do vstupnej haly<\/li>\n<\/ul>\n<\/div>\n<p>[\/vc_column_text][\/vc_column_inner][vc_column_inner width=&#8220;1\/2&#8243;][vc_column_text]<\/p>\n<div class=\"left odrazky01\">\n<ul class=\"\">\n<li>Prelakovan\u00fd UV stabiln\u00fdm tvrd\u00fdm lakom<\/li>\n<li>Farebn\u00e1 kombin\u00e1cia a odtie\u0148<br \/>\nlakovania pod\u013ea \u017eelania<\/li>\n<\/ul>\n<\/div>\n<p>[\/vc_column_text][vc_empty_space height=&#8220;40px&#8220;][\/vc_column_inner][\/vc_row_inner][vc_row_inner content_width=&#8220;grid&#8220; content_aligment=&#8220;center&#8220;][vc_column_inner][vc_empty_space height=&#8220;80px&#8220;][\/vc_column_inner][\/vc_row_inner][\/vc_column][\/vc_row][vc_row row_type=&#8220;parallax&#8220; content_aligment=&#8220;center&#8220; full_screen_section_height=&#8220;no&#8220; back_to_top_skin=&#8220;default&#8220; css=&#8220;.vc_custom_1641319331169{margin-top: 0px !important;margin-bottom: 0px !important;border-top-width: 0px !important;border-bottom-width: 0px !important;padding-top: 0px !important;padding-bottom: 0px !important;background-color: #2b3034 !important;}&#8220;][vc_column parallax=&#8220;content-moving&#8220; css=&#8220;.vc_custom_1641314332209{margin-top: 0px !important;margin-bottom: 0px !important;border-top-width: 0px !important;border-bottom-width: 0px !important;padding-top: 0px !important;padding-bottom: 0px !important;}&#8220;][rev_slider_vc alias=&#8220;Gallery-Edge-5&#8243;][\/vc_column][\/vc_row][vc_row row_type=&#8220;parallax&#8220; content_width=&#8220;grid&#8220; content_aligment=&#8220;center&#8220; full_screen_section_height=&#8220;no&#8220; back_to_top_skin=&#8220;light&#8220; css=&#8220;.vc_custom_1642161114205{background-color: #2b3034 !important;background-position: center !important;background-repeat: no-repeat !important;background-size: contain !important;}&#8220; el_class=&#8220;blok-tabulka blok-tabulka-edge&#8220;][vc_column parallax=&#8220;content-moving&#8220; css_animation=&#8220;fadeIn&#8220;][vc_empty_space height=&#8220;80px&#8220;][vc_column_text]<\/p>\n<h2 class=\"nadpis-h2-a\">Edge<\/h2>\n<p>[\/vc_column_text][vc_empty_space height=&#8220;60px&#8220;][vc_column_text]<\/p>\n<h3 style=\"text-align: center;\"><span style=\"color: #ffffff; font-weight: 600; letter-spacing: 6px; text-transform: uppercase;\">Specifications<\/span><\/h3>\n<p>[\/vc_column_text][vc_empty_space height=&#8220;25px&#8220;][vc_column_text]<\/p>\n<div class=\"wpsm_comptable_shortcode_echo\" style=\"text-align: center;\"><center>\n<table id=\"tablepress-13\" class=\"tablepress tablepress-id-13\">\n<tbody class=\"row-hover\">\n<tr class=\"row-1 odd\">\n\t<td class=\"column-1\">D\u013a\u017eka<\/td><td class=\"column-2\">190 cm<\/td><td class=\"column-3\">6.23 ft<\/td>\n<\/tr>\n<tr class=\"row-2 even\">\n\t<td class=\"column-1\">H\u013abka<\/td><td class=\"column-2\">96 cm<\/td><td class=\"column-3\">3.15 ft<\/td>\n<\/tr>\n<tr class=\"row-3 odd\">\n\t<td class=\"column-1\">V\u00fd\u0161ka<\/td><td class=\"column-2\">75 cm<\/td><td class=\"column-3\">2.46 ft<\/td>\n<\/tr>\n<\/tbody>\n<\/table>\n<!-- #tablepress-13 from cache --><\/center><\/div>\n<p>[\/vc_column_text][vc_empty_space height=&#8220;60px&#8220;][\/vc_column][\/vc_row][vc_row row_type=&#8220;parallax&#8220; content_aligment=&#8220;center&#8220; full_screen_section_height=&#8220;no&#8220; back_to_top_skin=&#8220;light&#8220; css=&#8220;.vc_custom_1642161122072{background-color: #2b3034 !important;background-position: center !important;background-repeat: no-repeat !important;background-size: contain !important;}&#8220; el_class=&#8220;blok-nakresy blok-nakresy-edge&#8220;][vc_column parallax=&#8220;content-moving&#8220; css_animation=&#8220;fadeIn&#8220;][vc_row_inner content_aligment=&#8220;center&#8220;][vc_column_inner width=&#8220;1\/2&#8243;][vc_single_image source=&#8220;external_link&#8220; alignment=&#8220;center&#8220; custom_src=&#8220;\/wp-content\/uploads\/2022\/02\/table_drawing_cm_edge_v01_0800x0600.png&#8220;][vc_empty_space height=&#8220;80px&#8220;][\/vc_column_inner][vc_column_inner width=&#8220;1\/2&#8243;][vc_single_image source=&#8220;external_link&#8220; alignment=&#8220;center&#8220; custom_src=&#8220;\/wp-content\/uploads\/2022\/02\/table_drawing_cm_edge_v02_0800x0600.png&#8220;][vc_empty_space height=&#8220;80px&#8220;][\/vc_column_inner][\/vc_row_inner][vc_row_inner content_width=&#8220;grid&#8220; content_aligment=&#8220;center&#8220;][vc_column_inner][vc_empty_space height=&#8220;40px&#8220;][\/vc_column_inner][\/vc_row_inner][\/vc_column][\/vc_row][vc_row row_type=&#8220;parallax&#8220; content_aligment=&#8220;center&#8220; full_screen_section_height=&#8220;yes&#8220; vertically_align_content_in_middle=&#8220;yes&#8220; back_to_top_skin=&#8220;default&#8220; parallax_background_image=&#8220;8705&#8243; css=&#8220;.vc_custom_1641314349533{margin-top: 0px !important;border-top-width: 0px !important;padding-top: 0px !important;}&#8220;][vc_column parallax=&#8220;content-moving&#8220; css_animation=&#8220;fadeIn&#8220; css=&#8220;.vc_custom_1641315524810{margin-top: 0px !important;border-top-width: 0px !important;padding-top: 0px !important;}&#8220;][vc_empty_space height=&#8220;110px&#8220;][vc_column_text]<\/p>\n<h2 class=\"nadpis-h2-c\">Unik\u00e1tne tvary<\/h2>\n<p>[\/vc_column_text][vc_column_text]<\/p>\n<h2 class=\"nadpis-h2-c\">v\u010faka&nbsp;unik\u00e1tnemu materi\u00e1lu<\/h2>\n<p>[\/vc_column_text][vc_empty_space height=&#8220;40px&#8220;]<a href=\"\/sk\/kontakt\" target=\"_self\" style=\"color: #ffffff;border: 1px solid #ffffff\" class=\"edgtf-btn edgtf-btn-medium edgtf-btn-outline edgtf-btn-custom-hover-bg edgtf-btn-custom-border-hover edgtf-btn-custom-hover-color\" data-hover-bg-color=\"#000000\" data-hover-color=\"#ffffff\" data-hover-border-color=\"#000000\" >\n\t\t\t<span class=\"edgtf-btn-text\" >Urobi\u0165 dopyt<\/span>\n\t    <\/a>[\/vc_column][\/vc_row][vc_row disable_element=&#8220;yes&#8220; content_aligment=&#8220;center&#8220; back_to_top_skin=&#8220;light&#8220; css=&#8220;.vc_custom_1643306539401{margin-top: 0px !important;margin-bottom: 0px !important;border-top-width: 5px !important;border-bottom-width: 0px !important;padding-top: 100px !important;padding-bottom: 0px !important;background-color: #2b3034 !important;border-top-color: #ffffff !important;border-bottom-color: #ffffff !important;}&#8220;][vc_column css=&#8220;.vc_custom_1641317688944{margin-top: 0px !important;margin-bottom: 0px !important;border-top-width: 0px !important;border-bottom-width: 0px !important;padding-top: 0px !important;padding-bottom: 0px !important;}&#8220; offset=&#8220;vc_hidden-xs&#8220;]<div class=\"edgtf-separator-holder clearfix  edgtf-separator-center\">\n\t<div class=\"edgtf-separator\" style=\"border-color: #707c89;border-style: solid;width: 91.5%;border-bottom-width: 1px;margin-top: 10px;margin-bottom: 0px\"><\/div>\n<\/div>\n[\/vc_column][\/vc_row][vc_row row_type=&#8220;parallax&#8220; content_aligment=&#8220;center&#8220; full_screen_section_height=&#8220;no&#8220; back_to_top_skin=&#8220;light&#8220; css=&#8220;.vc_custom_1643385666097{margin-top: 0px !important;border-top-width: 0px !important;background-color: #2b3034 !important;border-top-color: #ffffff !important;}&#8220; el_id=&#8220;footer-01&#8243;][vc_column width=&#8220;1\/3&#8243; css=&#8220;.vc_custom_1642078149036{padding-top: 15px !important;padding-bottom: 20px !important;}&#8220;][vc_row_inner][vc_column_inner width=&#8220;1\/2&#8243;][vc_column_text]<\/p>\n<p class=\"center-on-mob\" style=\"color: #ffffff; font-weight: 300; font-size: 12px; text-transform: none; text-align: right;\">Sledujte n\u00e1s na soci\u00e1lnych sie\u0165ach:<!-- Copyright \u00a9 MITRO 2022--><\/p>\n<p>[\/vc_column_text][\/vc_column_inner][vc_column_inner el_class=&#8220;socky&#8220; width=&#8220;1\/2&#8243;]\n    <span class=\"edgtf-icon-shortcode normal edgtf-icon-tiny\"  data-hover-color=\"#707c89\" data-color=\"#ffffff\">\n                    <a href=\"\/fb\" target=\"_blank\" >\n        \n        <i class=\"edgtf-icon-font-awesome fa fa-facebook edgtf-icon-element\" style=\"color: #ffffff\" ><\/i>\n                    <\/a>\n            <\/span>\n\n\n    <span class=\"edgtf-icon-shortcode normal edgtf-icon-tiny\"  data-hover-color=\"#707c89\" data-color=\"#ffffff\">\n                    <a href=\"\/ig\" target=\"_blank\" >\n        \n        <i class=\"edgtf-icon-font-awesome fa fa-instagram edgtf-icon-element\" style=\"color: #ffffff\" ><\/i>\n                    <\/a>\n            <\/span>\n\n[\/vc_column_inner][\/vc_row_inner][\/vc_column][vc_column width=&#8220;1\/3&#8243; css=&#8220;.vc_custom_1642078232116{padding-top: 15px !important;padding-bottom: 20px !important;}&#8220;][vc_row_inner][vc_column_inner][vc_single_image source=&#8220;external_link&#8220; external_img_size=&#8220;120&#215;30&#8243; alignment=&#8220;center&#8220; custom_src=&#8220;\/wp-content\/uploads\/2022\/01\/logo_mitro_240x060_white_v01.png&#8220;][\/vc_column_inner][\/vc_row_inner][\/vc_column][vc_column width=&#8220;1\/3&#8243; css=&#8220;.vc_custom_1642078227400{padding-top: 15px !important;padding-bottom: 20px !important;}&#8220;][vc_row_inner el_class=&#8220;center-on-mob&#8220;][vc_column_inner width=&#8220;1\/2&#8243;][vc_column_text]<\/p>\n<p style=\"text-align: center; color: #ffffff; font-weight: 300; font-size: 12px; text-transform: none;\"><span class=\"phone\">+420&nbsp;602&nbsp;936&nbsp;715<\/span><\/p>\n<p>[\/vc_column_text][\/vc_column_inner][vc_column_inner width=&#8220;1\/2&#8243;][vc_column_text]<\/p>\n<p class=\"center-on-mob\" style=\"color: #ffffff; font-weight: 300; font-size: 12px; text-transform: none; text-align: left;\">info@mitrodesign.com<\/p>\n<p>[\/vc_column_text][\/vc_column_inner][\/vc_row_inner][\/vc_column][\/vc_row]<\/p>\n","protected":false},"excerpt":{"rendered":"<p>[vc_row back_to_top_skin=&#8220;default&#8220; css=&#8220;.vc_custom_1501157834234{background-color: #040404 !important;}&#8220;][vc_column][rev_slider_vc alias=&#8220;Header-Edge-2&#8243;][\/vc_column][\/vc_row][vc_row row_type=&#8220;parallax&#8220; content_width=&#8220;grid&#8220; content_aligment=&#8220;center&#8220; full_screen_section_height=&#8220;yes&#8220; vertically_align_content_in_middle=&#8220;yes&#8220; back_to_top_skin=&#8220;light&#8220; css=&#8220;.vc_custom_1641393092967{background-color: #2b3034 !important;}&#8220;][vc_column css_animation=&#8220;fadeIn&#8220;][vc_empty_space height=&#8220;80px&#8220;][vc_column_text] Edge [\/vc_column_text][vc_empty_space height=&#8220;40px&#8220;][vc_column_text] Bez sm\u00fatku niet \u0161\u0165astia. Bez zla niet dobra. A bez koexistencie bionick\u00fdch a stroh\u00fdch tvarov by nebolo Edge. Jedno bez druh\u00e9ho nem\u00f4\u017ee existova\u0165. K\u00fdm strohos\u0165&#8230;<\/p>\n","protected":false},"author":1,"featured_media":0,"parent":0,"menu_order":0,"comment_status":"closed","ping_status":"closed","template":"full-width.php","meta":[],"yoast_head":"<!-- This site is optimized with the Yoast SEO plugin v18.1 - https:\/\/yoast.com\/wordpress\/plugins\/seo\/ -->\n<title>Edge &ndash; MITRO Design \u2013 Exkluz\u00edvne karb\u00f3nov\u00e9 stoly<\/title>\n<meta name=\"description\" content=\"Bez sm\u00fatku niet \u0161\u0165astia. Bez zla niet dobra. A bez koexistencie bionick\u00fdch a stroh\u00fdch tvarov by nebolo Edge. Jedno bez druh\u00e9ho nem\u00f4\u017ee existova\u0165. K\u00fdm strohos\u0165 spo\u010d\u00edva v priamej a pr\u00edsnej architektonickej forme, je tu aj opa\u010dn\u00e1 sila. M\u00e4kkos\u0165, ktor\u00fa n\u00e1jdete, ke\u010f sa pozriete hlb\u0161ie dovn\u00fatra. Je to lah\u00f4dka vn\u00fatornej dynamickej bio\u0161trukt\u00fary. Nevyhnutn\u00fd kontrast v harm\u00f3nii.\" \/>\n<meta name=\"robots\" content=\"index, follow, max-snippet:-1, max-image-preview:large, max-video-preview:-1\" \/>\n<link rel=\"canonical\" href=\"https:\/\/mitrodesign.com\/sk\/edge\/\" \/>\n<meta property=\"og:locale\" content=\"sk_SK\" \/>\n<meta property=\"og:type\" content=\"article\" \/>\n<meta property=\"og:title\" content=\"Edge &ndash; MITRO Design \u2013 Exkluz\u00edvne karb\u00f3nov\u00e9 stoly\" \/>\n<meta property=\"og:description\" content=\"Bez sm\u00fatku niet \u0161\u0165astia. Bez zla niet dobra. A bez koexistencie bionick\u00fdch a stroh\u00fdch tvarov by nebolo Edge. Jedno bez druh\u00e9ho nem\u00f4\u017ee existova\u0165. K\u00fdm strohos\u0165 spo\u010d\u00edva v priamej a pr\u00edsnej architektonickej forme, je tu aj opa\u010dn\u00e1 sila. M\u00e4kkos\u0165, ktor\u00fa n\u00e1jdete, ke\u010f sa pozriete hlb\u0161ie dovn\u00fatra. Je to lah\u00f4dka vn\u00fatornej dynamickej bio\u0161trukt\u00fary. Nevyhnutn\u00fd kontrast v harm\u00f3nii.\" \/>\n<meta property=\"og:url\" content=\"https:\/\/mitrodesign.com\/sk\/edge\/\" \/>\n<meta property=\"og:site_name\" content=\"MITRO Design \u2013 Exclusive Carbon Tables\" \/>\n<meta property=\"article:publisher\" content=\"https:\/\/www.facebook.com\/mitrodesign\" \/>\n<meta property=\"article:modified_time\" content=\"2022-08-22T14:29:07+00:00\" \/>\n<meta property=\"og:image\" content=\"https:\/\/mitrodesign.com\/wp-content\/uploads\/2022\/02\/image_edge-1024x536.png\" \/>\n\t<meta property=\"og:image:width\" content=\"1024\" \/>\n\t<meta property=\"og:image:height\" content=\"536\" \/>\n\t<meta property=\"og:image:type\" content=\"image\/png\" \/>\n<meta name=\"twitter:card\" content=\"summary_large_image\" \/>\n<meta name=\"twitter:image\" content=\"https:\/\/mitrodesign.com\/wp-content\/uploads\/2022\/02\/image_edge.png\" \/>\n<meta name=\"twitter:label1\" content=\"Est. reading time\" \/>\n\t<meta name=\"twitter:data1\" content=\"3 min\u00faty\" \/>\n<script type=\"application\/ld+json\" class=\"yoast-schema-graph\">{\"@context\":\"https:\/\/schema.org\",\"@graph\":[{\"@type\":\"Organization\",\"@id\":\"https:\/\/mitrodesign.com\/#organization\",\"name\":\"MITRO Design Carbon Tables\",\"url\":\"https:\/\/mitrodesign.com\/\",\"sameAs\":[\"https:\/\/www.facebook.com\/mitrodesign\",\"https:\/\/www.instagram.com\/mitrodesign_furniture\/\"],\"logo\":{\"@type\":\"ImageObject\",\"@id\":\"https:\/\/mitrodesign.com\/#logo\",\"inLanguage\":\"sk-SK\",\"url\":\"https:\/\/www.mitrodesign.com\/wp-content\/uploads\/2022\/01\/logo_mitro_480x120_white_v01.png\",\"contentUrl\":\"https:\/\/www.mitrodesign.com\/wp-content\/uploads\/2022\/01\/logo_mitro_480x120_white_v01.png\",\"width\":480,\"height\":120,\"caption\":\"MITRO Design Carbon Tables\"},\"image\":{\"@id\":\"https:\/\/mitrodesign.com\/#logo\"}},{\"@type\":\"WebSite\",\"@id\":\"https:\/\/mitrodesign.com\/#website\",\"url\":\"https:\/\/mitrodesign.com\/\",\"name\":\"MITRO Design \u2013 Exclusive Carbon Tables\",\"description\":\"Dawn of Carbon | Exclusive Carbon Tables\",\"publisher\":{\"@id\":\"https:\/\/mitrodesign.com\/#organization\"},\"potentialAction\":[{\"@type\":\"SearchAction\",\"target\":{\"@type\":\"EntryPoint\",\"urlTemplate\":\"https:\/\/mitrodesign.com\/?s={search_term_string}\"},\"query-input\":\"required name=search_term_string\"}],\"inLanguage\":\"sk-SK\"},{\"@type\":\"ImageObject\",\"@id\":\"https:\/\/mitrodesign.com\/sk\/edge\/#primaryimage\",\"inLanguage\":\"sk-SK\",\"url\":\"https:\/\/mitrodesign.com\/wp-content\/uploads\/2022\/02\/image_edge.png\",\"contentUrl\":\"https:\/\/mitrodesign.com\/wp-content\/uploads\/2022\/02\/image_edge.png\",\"width\":2560,\"height\":1340},{\"@type\":\"WebPage\",\"@id\":\"https:\/\/mitrodesign.com\/sk\/edge\/#webpage\",\"url\":\"https:\/\/mitrodesign.com\/sk\/edge\/\",\"name\":\"Edge &ndash; MITRO Design \u2013 Exkluz\u00edvne karb\u00f3nov\u00e9 stoly\",\"isPartOf\":{\"@id\":\"https:\/\/mitrodesign.com\/#website\"},\"datePublished\":\"2022-01-05T11:39:01+00:00\",\"dateModified\":\"2022-08-22T14:29:07+00:00\",\"description\":\"Bez sm\u00fatku niet \u0161\u0165astia. Bez zla niet dobra. A bez koexistencie bionick\u00fdch a stroh\u00fdch tvarov by nebolo Edge. Jedno bez druh\u00e9ho nem\u00f4\u017ee existova\u0165. K\u00fdm strohos\u0165 spo\u010d\u00edva v priamej a pr\u00edsnej architektonickej forme, je tu aj opa\u010dn\u00e1 sila. M\u00e4kkos\u0165, ktor\u00fa n\u00e1jdete, ke\u010f sa pozriete hlb\u0161ie dovn\u00fatra. Je to lah\u00f4dka vn\u00fatornej dynamickej bio\u0161trukt\u00fary. Nevyhnutn\u00fd kontrast v harm\u00f3nii.\",\"breadcrumb\":{\"@id\":\"https:\/\/mitrodesign.com\/sk\/edge\/#breadcrumb\"},\"inLanguage\":\"sk-SK\",\"potentialAction\":[{\"@type\":\"ReadAction\",\"target\":[\"https:\/\/mitrodesign.com\/sk\/edge\/\"]}]},{\"@type\":\"BreadcrumbList\",\"@id\":\"https:\/\/mitrodesign.com\/sk\/edge\/#breadcrumb\",\"itemListElement\":[{\"@type\":\"ListItem\",\"position\":1,\"name\":\"Dom\u016f\",\"item\":\"https:\/\/mitrodesign.com\/sk\/\"},{\"@type\":\"ListItem\",\"position\":2,\"name\":\"Edge\"}]}]}<\/script>\n<!-- \/ Yoast SEO plugin. -->","yoast_head_json":{"title":"Edge &ndash; MITRO Design \u2013 Exkluz\u00edvne karb\u00f3nov\u00e9 stoly","description":"Bez sm\u00fatku niet \u0161\u0165astia. Bez zla niet dobra. A bez koexistencie bionick\u00fdch a stroh\u00fdch tvarov by nebolo Edge. Jedno bez druh\u00e9ho nem\u00f4\u017ee existova\u0165. K\u00fdm strohos\u0165 spo\u010d\u00edva v priamej a pr\u00edsnej architektonickej forme, je tu aj opa\u010dn\u00e1 sila. M\u00e4kkos\u0165, ktor\u00fa n\u00e1jdete, ke\u010f sa pozriete hlb\u0161ie dovn\u00fatra. Je to lah\u00f4dka vn\u00fatornej dynamickej bio\u0161trukt\u00fary. Nevyhnutn\u00fd kontrast v harm\u00f3nii.","robots":{"index":"index","follow":"follow","max-snippet":"max-snippet:-1","max-image-preview":"max-image-preview:large","max-video-preview":"max-video-preview:-1"},"canonical":"https:\/\/mitrodesign.com\/sk\/edge\/","og_locale":"sk_SK","og_type":"article","og_title":"Edge &ndash; MITRO Design \u2013 Exkluz\u00edvne karb\u00f3nov\u00e9 stoly","og_description":"Bez sm\u00fatku niet \u0161\u0165astia. Bez zla niet dobra. A bez koexistencie bionick\u00fdch a stroh\u00fdch tvarov by nebolo Edge. Jedno bez druh\u00e9ho nem\u00f4\u017ee existova\u0165. K\u00fdm strohos\u0165 spo\u010d\u00edva v priamej a pr\u00edsnej architektonickej forme, je tu aj opa\u010dn\u00e1 sila. M\u00e4kkos\u0165, ktor\u00fa n\u00e1jdete, ke\u010f sa pozriete hlb\u0161ie dovn\u00fatra. Je to lah\u00f4dka vn\u00fatornej dynamickej bio\u0161trukt\u00fary. Nevyhnutn\u00fd kontrast v harm\u00f3nii.","og_url":"https:\/\/mitrodesign.com\/sk\/edge\/","og_site_name":"MITRO Design \u2013 Exclusive Carbon Tables","article_publisher":"https:\/\/www.facebook.com\/mitrodesign","article_modified_time":"2022-08-22T14:29:07+00:00","og_image":[{"width":1024,"height":536,"url":"https:\/\/mitrodesign.com\/wp-content\/uploads\/2022\/02\/image_edge-1024x536.png","type":"image\/png"}],"twitter_card":"summary_large_image","twitter_image":"https:\/\/mitrodesign.com\/wp-content\/uploads\/2022\/02\/image_edge.png","twitter_misc":{"Est. reading time":"3 min\u00faty"},"schema":{"@context":"https:\/\/schema.org","@graph":[{"@type":"Organization","@id":"https:\/\/mitrodesign.com\/#organization","name":"MITRO Design Carbon Tables","url":"https:\/\/mitrodesign.com\/","sameAs":["https:\/\/www.facebook.com\/mitrodesign","https:\/\/www.instagram.com\/mitrodesign_furniture\/"],"logo":{"@type":"ImageObject","@id":"https:\/\/mitrodesign.com\/#logo","inLanguage":"sk-SK","url":"https:\/\/www.mitrodesign.com\/wp-content\/uploads\/2022\/01\/logo_mitro_480x120_white_v01.png","contentUrl":"https:\/\/www.mitrodesign.com\/wp-content\/uploads\/2022\/01\/logo_mitro_480x120_white_v01.png","width":480,"height":120,"caption":"MITRO Design Carbon Tables"},"image":{"@id":"https:\/\/mitrodesign.com\/#logo"}},{"@type":"WebSite","@id":"https:\/\/mitrodesign.com\/#website","url":"https:\/\/mitrodesign.com\/","name":"MITRO Design \u2013 Exclusive Carbon Tables","description":"Dawn of Carbon | Exclusive Carbon Tables","publisher":{"@id":"https:\/\/mitrodesign.com\/#organization"},"potentialAction":[{"@type":"SearchAction","target":{"@type":"EntryPoint","urlTemplate":"https:\/\/mitrodesign.com\/?s={search_term_string}"},"query-input":"required name=search_term_string"}],"inLanguage":"sk-SK"},{"@type":"ImageObject","@id":"https:\/\/mitrodesign.com\/sk\/edge\/#primaryimage","inLanguage":"sk-SK","url":"https:\/\/mitrodesign.com\/wp-content\/uploads\/2022\/02\/image_edge.png","contentUrl":"https:\/\/mitrodesign.com\/wp-content\/uploads\/2022\/02\/image_edge.png","width":2560,"height":1340},{"@type":"WebPage","@id":"https:\/\/mitrodesign.com\/sk\/edge\/#webpage","url":"https:\/\/mitrodesign.com\/sk\/edge\/","name":"Edge &ndash; MITRO Design \u2013 Exkluz\u00edvne karb\u00f3nov\u00e9 stoly","isPartOf":{"@id":"https:\/\/mitrodesign.com\/#website"},"datePublished":"2022-01-05T11:39:01+00:00","dateModified":"2022-08-22T14:29:07+00:00","description":"Bez sm\u00fatku niet \u0161\u0165astia. Bez zla niet dobra. A bez koexistencie bionick\u00fdch a stroh\u00fdch tvarov by nebolo Edge. Jedno bez druh\u00e9ho nem\u00f4\u017ee existova\u0165. K\u00fdm strohos\u0165 spo\u010d\u00edva v priamej a pr\u00edsnej architektonickej forme, je tu aj opa\u010dn\u00e1 sila. M\u00e4kkos\u0165, ktor\u00fa n\u00e1jdete, ke\u010f sa pozriete hlb\u0161ie dovn\u00fatra. Je to lah\u00f4dka vn\u00fatornej dynamickej bio\u0161trukt\u00fary. Nevyhnutn\u00fd kontrast v harm\u00f3nii.","breadcrumb":{"@id":"https:\/\/mitrodesign.com\/sk\/edge\/#breadcrumb"},"inLanguage":"sk-SK","potentialAction":[{"@type":"ReadAction","target":["https:\/\/mitrodesign.com\/sk\/edge\/"]}]},{"@type":"BreadcrumbList","@id":"https:\/\/mitrodesign.com\/sk\/edge\/#breadcrumb","itemListElement":[{"@type":"ListItem","position":1,"name":"Dom\u016f","item":"https:\/\/mitrodesign.com\/sk\/"},{"@type":"ListItem","position":2,"name":"Edge"}]}]}},"_links":{"self":[{"href":"https:\/\/mitrodesign.com\/sk\/wp-json\/wp\/v2\/pages\/14902"}],"collection":[{"href":"https:\/\/mitrodesign.com\/sk\/wp-json\/wp\/v2\/pages"}],"about":[{"href":"https:\/\/mitrodesign.com\/sk\/wp-json\/wp\/v2\/types\/page"}],"author":[{"embeddable":true,"href":"https:\/\/mitrodesign.com\/sk\/wp-json\/wp\/v2\/users\/1"}],"replies":[{"embeddable":true,"href":"https:\/\/mitrodesign.com\/sk\/wp-json\/wp\/v2\/comments?post=14902"}],"version-history":[{"count":11,"href":"https:\/\/mitrodesign.com\/sk\/wp-json\/wp\/v2\/pages\/14902\/revisions"}],"predecessor-version":[{"id":15075,"href":"https:\/\/mitrodesign.com\/sk\/wp-json\/wp\/v2\/pages\/14902\/revisions\/15075"}],"wp:attachment":[{"href":"https:\/\/mitrodesign.com\/sk\/wp-json\/wp\/v2\/media?parent=14902"}],"curies":[{"name":"wp","href":"https:\/\/api.w.org\/{rel}","templated":true}]}}